{"id":3134,"date":"2023-11-12T15:58:38","date_gmt":"2023-11-12T14:58:38","guid":{"rendered":"http:\/\/localhost\/wordpress\/?page_id=3134"},"modified":"2023-11-17T14:58:49","modified_gmt":"2023-11-17T13:58:49","slug":"encastres","status":"publish","type":"page","link":"https:\/\/miseajour-eclairages.fr\/index.php\/encastres\/","title":{"rendered":"Encastr\u00e9s"},"content":{"rendered":"\t\t<div data-elementor-type=\"wp-page\" data-elementor-id=\"3134\" class=\"elementor elementor-3134\" data-elementor-post-type=\"page\">\n\t\t\t\t\t\t<section class=\"elementor-section elementor-top-section elementor-element elementor-element-901d81d elementor-section-height-min-height elementor-section-items-bottom elementor-section-boxed elementor-section-height-default\" data-id=\"901d81d\" data-element_type=\"section\" data-e-type=\"section\" data-settings=\"{&quot;background_background&quot;:&quot;classic&quot;}\">\n\t\t\t\t\t\t\t<div class=\"elementor-background-overlay\"><\/div>\n\t\t\t\t\t\t\t<div class=\"elementor-container elementor-column-gap-default\">\n\t\t\t\t\t<div class=\"elementor-column elementor-col-50 elementor-top-column elementor-element elementor-element-a1eb112\" data-id=\"a1eb112\" data-element_type=\"column\" data-e-type=\"column\">\n\t\t\t<div class=\"elementor-widget-wrap elementor-element-populated\">\n\t\t\t\t\t\t<div class=\"elementor-element elementor-element-fd214d9 elementor-invisible elementor-widget elementor-widget-heading\" data-id=\"fd214d9\" data-element_type=\"widget\" data-e-type=\"widget\" data-settings=\"{&quot;_animation&quot;:&quot;fadeIn&quot;}\" data-widget_type=\"heading.default\">\n\t\t\t\t<div class=\"elementor-widget-container\">\n\t\t\t\t\t<h1 class=\"elementor-heading-title elementor-size-default\">Nos Produits<\/h1>\t\t\t\t<\/div>\n\t\t\t\t<\/div>\n\t\t\t\t<div class=\"elementor-element elementor-element-05d122b elementor-invisible elementor-widget elementor-widget-text-editor\" data-id=\"05d122b\" data-element_type=\"widget\" data-e-type=\"widget\" data-settings=\"{&quot;_animation&quot;:&quot;fadeIn&quot;}\" data-widget_type=\"text-editor.default\">\n\t\t\t\t<div class=\"elementor-widget-container\">\n\t\t\t\t\t\t\t\t\t<p>Nous vous offrons une vaste s\u00e9lection de solutions d&rsquo;\u00e9clairage con\u00e7ues pour transformer votre espace en un havre de lumi\u00e8re. Que vous cherchiez \u00e0 cr\u00e9er une ambiance chaleureuse \u00e0 l&rsquo;int\u00e9rieur de votre maison, \u00e0 illuminer votre jardin ou \u00e0 \u00e9clairer des espaces commerciaux, nos produits sont soigneusement s\u00e9lectionn\u00e9s pour r\u00e9pondre \u00e0 tous vos besoins d&rsquo;\u00e9clairage.<\/p>\t\t\t\t\t\t\t\t<\/div>\n\t\t\t\t<\/div>\n\t\t\t\t<div class=\"elementor-element elementor-element-d180365 elementor-hidden-phone elementor-widget elementor-widget-spacer\" data-id=\"d180365\" data-element_type=\"widget\" data-e-type=\"widget\" data-widget_type=\"spacer.default\">\n\t\t\t\t<div class=\"elementor-widget-container\">\n\t\t\t\t\t\t\t<div class=\"elementor-spacer\">\n\t\t\t<div class=\"elementor-spacer-inner\"><\/div>\n\t\t<\/div>\n\t\t\t\t\t\t<\/div>\n\t\t\t\t<\/div>\n\t\t\t\t\t<\/div>\n\t\t<\/div>\n\t\t\t\t<div class=\"elementor-column elementor-col-50 elementor-top-column elementor-element elementor-element-e505f26\" data-id=\"e505f26\" data-element_type=\"column\" data-e-type=\"column\">\n\t\t\t<div class=\"elementor-widget-wrap\">\n\t\t\t\t\t\t\t<\/div>\n\t\t<\/div>\n\t\t\t\t\t<\/div>\n\t\t<\/section>\n\t\t<div class=\"elementor-element elementor-element-2b48169 e-flex e-con-boxed e-con e-parent\" data-id=\"2b48169\" data-element_type=\"container\" data-e-type=\"container\">\n\t\t\t\t\t<div class=\"e-con-inner\">\n\t\t\t\t<div class=\"elementor-element elementor-element-714a19b elementor-widget elementor-widget-heading\" data-id=\"714a19b\" data-element_type=\"widget\" data-e-type=\"widget\" data-widget_type=\"heading.default\">\n\t\t\t\t<div class=\"elementor-widget-container\">\n\t\t\t\t\t<h2 class=\"elementor-heading-title elementor-size-default\">Encastr\u00e9s<\/h2>\t\t\t\t<\/div>\n\t\t\t\t<\/div>\n\t\t\t\t\t<\/div>\n\t\t\t\t<\/div>\n\t\t<div class=\"elementor-element elementor-element-e9c7042 e-flex e-con-boxed e-con e-parent\" data-id=\"e9c7042\" data-element_type=\"container\" data-e-type=\"container\">\n\t\t\t\t\t<div class=\"e-con-inner\">\n\t\t<div class=\"elementor-element elementor-element-4f7fdc8 e-flex e-con-boxed e-con e-child\" data-id=\"4f7fdc8\" data-element_type=\"container\" data-e-type=\"container\">\n\t\t\t\t\t<div class=\"e-con-inner\">\n\t\t\t\t<div class=\"elementor-element elementor-element-c8ce68c elementor-arrows-position-inside elementor-pagination-position-outside elementor-widget elementor-widget-image-carousel\" data-id=\"c8ce68c\" data-element_type=\"widget\" data-e-type=\"widget\" data-settings=\"{&quot;image_spacing_custom&quot;:{&quot;unit&quot;:&quot;px&quot;,&quot;size&quot;:60,&quot;sizes&quot;:[]},&quot;navigation&quot;:&quot;both&quot;,&quot;autoplay&quot;:&quot;yes&quot;,&quot;pause_on_hover&quot;:&quot;yes&quot;,&quot;pause_on_interaction&quot;:&quot;yes&quot;,&quot;autoplay_speed&quot;:5000,&quot;infinite&quot;:&quot;yes&quot;,&quot;speed&quot;:500,&quot;image_spacing_custom_tablet&quot;:{&quot;unit&quot;:&quot;px&quot;,&quot;size&quot;:&quot;&quot;,&quot;sizes&quot;:[]},&quot;image_spacing_custom_mobile&quot;:{&quot;unit&quot;:&quot;px&quot;,&quot;size&quot;:&quot;&quot;,&quot;sizes&quot;:[]}}\" data-widget_type=\"image-carousel.default\">\n\t\t\t\t<div class=\"elementor-widget-container\">\n\t\t\t\t\t\t\t<div class=\"elementor-image-carousel-wrapper swiper\" role=\"region\" aria-roledescription=\"carousel\" aria-label=\"Carrousel d\u2019images\" dir=\"ltr\">\n\t\t\t<div class=\"elementor-image-carousel swiper-wrapper\" aria-live=\"off\">\n\t\t\t\t\t\t\t\t<div class=\"swiper-slide\" role=\"group\" aria-roledescription=\"slide\" aria-label=\"1 sur 4\"><figure class=\"swiper-slide-inner\"><img decoding=\"async\" class=\"swiper-slide-image\" src=\"https:\/\/miseajour-eclairages.fr\/wp-content\/uploads\/2023\/11\/A91h9r12s_1bh9yh2_7yg-768x1178.jpg\" alt=\"A91h9r12s_1bh9yh2_7yg\" \/><\/figure><\/div><div class=\"swiper-slide\" role=\"group\" aria-roledescription=\"slide\" aria-label=\"2 sur 4\"><figure class=\"swiper-slide-inner\"><img decoding=\"async\" class=\"swiper-slide-image\" src=\"https:\/\/miseajour-eclairages.fr\/wp-content\/uploads\/2023\/11\/A91jwqinf_1bh9yhb_7yg-768x1178.jpg\" alt=\"A91jwqinf_1bh9yhb_7yg\" \/><\/figure><\/div><div class=\"swiper-slide\" role=\"group\" aria-roledescription=\"slide\" aria-label=\"3 sur 4\"><figure class=\"swiper-slide-inner\"><img decoding=\"async\" class=\"swiper-slide-image\" src=\"https:\/\/miseajour-eclairages.fr\/wp-content\/uploads\/2023\/11\/A91o7hl1v_1bh9yh8_7yg-768x1178.jpg\" alt=\"A91o7hl1v_1bh9yh8_7yg\" \/><\/figure><\/div><div class=\"swiper-slide\" role=\"group\" aria-roledescription=\"slide\" aria-label=\"4 sur 4\"><figure class=\"swiper-slide-inner\"><img decoding=\"async\" class=\"swiper-slide-image\" src=\"https:\/\/miseajour-eclairages.fr\/wp-content\/uploads\/2023\/11\/A91sori4u_1bh9yh5_7yg-768x866.jpg\" alt=\"A91sori4u_1bh9yh5_7yg\" \/><\/figure><\/div>\t\t\t<\/div>\n\t\t\t\t\t\t\t\t\t\t\t\t<div class=\"elementor-swiper-button elementor-swiper-button-prev\" role=\"button\" tabindex=\"0\">\n\t\t\t\t\t\t<i aria-hidden=\"true\" class=\"eicon-chevron-left\"><\/i>\t\t\t\t\t<\/div>\n\t\t\t\t\t<div class=\"elementor-swiper-button elementor-swiper-button-next\" role=\"button\" tabindex=\"0\">\n\t\t\t\t\t\t<i aria-hidden=\"true\" class=\"eicon-chevron-right\"><\/i>\t\t\t\t\t<\/div>\n\t\t\t\t\n\t\t\t\t\t\t\t\t\t<div class=\"swiper-pagination\"><\/div>\n\t\t\t\t\t\t\t\t\t<\/div>\n\t\t\t\t\t\t<\/div>\n\t\t\t\t<\/div>\n\t\t\t\t\t<\/div>\n\t\t\t\t<\/div>\n\t\t\t\t\t<\/div>\n\t\t\t\t<\/div>\n\t\t\t\t<\/div>\n\t\t","protected":false},"excerpt":{"rendered":"<p>Nos Produits Nous vous offrons une vaste s\u00e9lection de solutions d&rsquo;\u00e9clairage con\u00e7ues pour transformer votre espace en un havre de lumi\u00e8re. Que vous cherchiez \u00e0 cr\u00e9er une ambiance chaleureuse \u00e0 l&rsquo;int\u00e9rieur de votre maison, \u00e0 illuminer votre jardin ou \u00e0 \u00e9clairer des espaces commerciaux, nos produits sont soigneusement s\u00e9lectionn\u00e9s pour r\u00e9pondre \u00e0 tous vos besoins&#8230;<\/p>\n","protected":false},"author":1,"featured_media":0,"parent":0,"menu_order":0,"comment_status":"closed","ping_status":"closed","template":"","meta":{"_kadence_starter_templates_imported_post":false,"_kad_post_transparent":"","_kad_post_title":"hide","_kad_post_layout":"fullwidth","_kad_post_sidebar_id":"","_kad_post_content_style":"unboxed","_kad_post_vertical_padding":"hide","_kad_post_feature":"hide","_kad_post_feature_position":"","_kad_post_header":false,"_kad_post_footer":false,"_kad_post_classname":"","footnotes":""},"class_list":["post-3134","page","type-page","status-publish","hentry"],"_links":{"self":[{"href":"https:\/\/miseajour-eclairages.fr\/index.php\/wp-json\/wp\/v2\/pages\/3134","targetHints":{"allow":["GET"]}}],"collection":[{"href":"https:\/\/miseajour-eclairages.fr\/index.php\/wp-json\/wp\/v2\/pages"}],"about":[{"href":"https:\/\/miseajour-eclairages.fr\/index.php\/wp-json\/wp\/v2\/types\/page"}],"author":[{"embeddable":true,"href":"https:\/\/miseajour-eclairages.fr\/index.php\/wp-json\/wp\/v2\/users\/1"}],"replies":[{"embeddable":true,"href":"https:\/\/miseajour-eclairages.fr\/index.php\/wp-json\/wp\/v2\/comments?post=3134"}],"version-history":[{"count":10,"href":"https:\/\/miseajour-eclairages.fr\/index.php\/wp-json\/wp\/v2\/pages\/3134\/revisions"}],"predecessor-version":[{"id":3382,"href":"https:\/\/miseajour-eclairages.fr\/index.php\/wp-json\/wp\/v2\/pages\/3134\/revisions\/3382"}],"wp:attachment":[{"href":"https:\/\/miseajour-eclairages.fr\/index.php\/wp-json\/wp\/v2\/media?parent=3134"}],"curies":[{"name":"wp","href":"https:\/\/api.w.org\/{rel}","templated":true}]}}