{"id":3301,"date":"2023-11-15T00:13:39","date_gmt":"2023-11-14T23:13:39","guid":{"rendered":"http:\/\/localhost\/wordpress\/?page_id=3301"},"modified":"2023-11-27T14:53:31","modified_gmt":"2023-11-27T13:53:31","slug":"mentions-legales","status":"publish","type":"page","link":"https:\/\/miseajour-eclairages.fr\/index.php\/mentions-legales\/","title":{"rendered":"Mentions L\u00e9gales"},"content":{"rendered":"\t\t<div data-elementor-type=\"wp-page\" data-elementor-id=\"3301\" class=\"elementor elementor-3301\" data-elementor-post-type=\"page\">\n\t\t\t\t\t\t<section class=\"elementor-section elementor-top-section elementor-element elementor-element-c20e687 elementor-section-height-min-height elementor-section-items-bottom elementor-section-boxed elementor-section-height-default\" data-id=\"c20e687\" data-element_type=\"section\" data-e-type=\"section\" data-settings=\"{&quot;background_background&quot;:&quot;classic&quot;}\">\n\t\t\t\t\t\t\t<div class=\"elementor-background-overlay\"><\/div>\n\t\t\t\t\t\t\t<div class=\"elementor-container elementor-column-gap-default\">\n\t\t\t\t\t<div class=\"elementor-column elementor-col-50 elementor-top-column elementor-element elementor-element-2c4b1fe\" data-id=\"2c4b1fe\" data-element_type=\"column\" data-e-type=\"column\">\n\t\t\t<div class=\"elementor-widget-wrap elementor-element-populated\">\n\t\t\t\t\t\t<div class=\"elementor-element elementor-element-952648f elementor-invisible elementor-widget elementor-widget-heading\" data-id=\"952648f\" data-element_type=\"widget\" data-e-type=\"widget\" data-settings=\"{&quot;_animation&quot;:&quot;fadeIn&quot;}\" data-widget_type=\"heading.default\">\n\t\t\t\t<div class=\"elementor-widget-container\">\n\t\t\t\t\t<h1 class=\"elementor-heading-title elementor-size-default\">Mentions L\u00e9gales<\/h1>\t\t\t\t<\/div>\n\t\t\t\t<\/div>\n\t\t\t\t<div class=\"elementor-element elementor-element-404b3df elementor-hidden-phone elementor-widget elementor-widget-spacer\" data-id=\"404b3df\" data-element_type=\"widget\" data-e-type=\"widget\" data-widget_type=\"spacer.default\">\n\t\t\t\t<div class=\"elementor-widget-container\">\n\t\t\t\t\t\t\t<div class=\"elementor-spacer\">\n\t\t\t<div class=\"elementor-spacer-inner\"><\/div>\n\t\t<\/div>\n\t\t\t\t\t\t<\/div>\n\t\t\t\t<\/div>\n\t\t\t\t\t<\/div>\n\t\t<\/div>\n\t\t\t\t<div class=\"elementor-column elementor-col-50 elementor-top-column elementor-element elementor-element-80df6ea\" data-id=\"80df6ea\" data-element_type=\"column\" data-e-type=\"column\">\n\t\t\t<div class=\"elementor-widget-wrap\">\n\t\t\t\t\t\t\t<\/div>\n\t\t<\/div>\n\t\t\t\t\t<\/div>\n\t\t<\/section>\n\t\t<div class=\"elementor-element elementor-element-4175915 e-flex e-con-boxed e-con e-parent\" data-id=\"4175915\" data-element_type=\"container\" data-e-type=\"container\">\n\t\t\t\t\t<div class=\"e-con-inner\">\n\t\t\t\t<div class=\"elementor-element elementor-element-6658409 elementor-widget elementor-widget-text-editor\" data-id=\"6658409\" data-element_type=\"widget\" data-e-type=\"widget\" data-widget_type=\"text-editor.default\">\n\t\t\t\t<div class=\"elementor-widget-container\">\n\t\t\t\t\t\t\t\t\t<p><span class=\"theming-theme-accent1\"><strong>INFORMATIONS SUR LA SOCI\u00c9T\u00c9<\/strong><\/span><\/p><p><span class=\"theming-custom\">La soci\u00e9t\u00e9\u00a0<strong>MISE A JOUR<\/strong>\u00a0est une SARL\u00a0<\/span><\/p><p><span class=\"theming-custom\">Si\u00e8ge social :<\/span><br \/><span class=\"theming-custom\">5 rue des entrepreneurs<\/span><br \/><span class=\"theming-custom\">78420 Carri\u00e8res sur Seine PARIS<\/span><\/p><p><span class=\"theming-theme-accent1\"><strong>CR\u00c9ATION ET H\u00c9BERGEMENT<\/strong><\/span><\/p><p><span class=\"theming-custom\">Le site www.miseajour-eclairages.fr est cr\u00e9\u00e9 et administr\u00e9 par :\u00a0<strong>IONOS<\/strong><\/span><\/p><p><span class=\"theming-custom\">Il est h\u00e9berg\u00e9 par :\u00a0<strong>OVH\u00a0<\/strong><\/span><\/p><p><span class=\"theming-theme-accent1\"><strong>PROPRI\u00c9T\u00c9 INTELLECTUELLE<\/strong><\/span><\/p><p><span class=\"theming-custom\">Tous les \u00e9l\u00e9ments du site www.miseajour-eclairages.fr sont la propri\u00e9t\u00e9 de MISE A JOUR.<\/span><br \/><span class=\"theming-custom\">La structure du site, les textes, les images, les vid\u00e9os, les logiciels, les graphiques, les infographies, les logos, les ic\u00f4nes et tous \u00e9l\u00e9ments pr\u00e9sents sur le site, \u00e0 l\u2019exception des photographies qui demeurent la propri\u00e9t\u00e9 de leurs auteurs, sont la propri\u00e9t\u00e9 exclusive de MISE A JOUR.<\/span><\/p><p><span class=\"theming-custom\">Ces \u00e9l\u00e9ments constitutifs du site ne peuvent en aucun cas \u00eatre copi\u00e9s ni reproduits sans autorisation expresse des ayants droits. Toute repr\u00e9sentation, reproduction, traduction ou diffusion totale ou partielle de ce site, sans l\u00b4autorisation expresse et sp\u00e9ciale de MISE A JOUR, est interdite et sera sanctionn\u00e9e par les articles L.335-2 et suivants du Code de la Propri\u00e9t\u00e9 Intellectuelle.<\/span><\/p><p><span class=\"theming-theme-accent1\"><strong>AVERTISSEMENT<\/strong><\/span><\/p><p><span class=\"theming-custom\">Les informations d\u00e9livr\u00e9es par le site www.miseajour-eclairages.fr sont donn\u00e9es \u00e0 titre indicatif et peuvent \u00eatre modifi\u00e9es ou supprim\u00e9es sans pr\u00e9avis. Le visiteur ou l\u2019utilisateur du site reconna\u00eet utiliser ces informations sous sa seule responsabilit\u00e9. De mani\u00e8re g\u00e9n\u00e9rale, MISE A JOUR ne saurait \u00eatre tenu pour responsable de tout dommage, direct ou indirect, r\u00e9sultant d\u2019une visite sur le site www.miseajour-eclairages.fr.<\/span><\/p><p><span class=\"theming-custom\">Les photos ne sont pas contractuelles. Des liens hypertextes figurant sur le site www.miseajour-eclairages.fr peuvent renvoyer vers des sites tiers. Bien que l\u2019exploitant v\u00e9rifie la qualit\u00e9 de ces sites, il ne saurait \u00eatre tenu responsable de leur contenu de et de l\u2019usage qui pourrait en \u00eatre fait par les utilisateurs.<\/span><\/p><p><span class=\"theming-custom\">Tout particulier ou entreprise souhaitant placer sur son site internet un lien renvoyant directement au site www.miseajour-eclairages.fr doit en demander l\u2019autorisation expresse et pr\u00e9alable \u00e0 MISE A JOUR et, s\u2019il y est autoris\u00e9, le retirer en cas de demande ult\u00e9rieure de MISE A JOUR.<\/span><\/p><p><span class=\"theming-theme-accent1\"><strong>PROTECTION DES DONN\u00c9ES PERSONNELLES<\/strong><\/span><\/p><p><span class=\"theming-custom\">www.miseajour-eclairages.fr est seul destinataire des donn\u00e9es nominatives recueillies via le formulaire de contact du site www.miseajour-eclairages.fr. Conform\u00e9ment \u00e0 la loi fran\u00e7aise Informatique et Libert\u00e9s n\u00b078-17 du 6 janvier 1978, vous disposez d\u2019un droit d\u2019acc\u00e8s, de rectification, et d\u2019opposition aux donn\u00e9es vous concernant. Pour exercer ce droit, il suffit d\u2019\u00e9crire \u00e0 l\u2019adresse indiqu\u00e9e en page contact en pr\u00e9cisant vos coordonn\u00e9es compl\u00e8tes : nom, pr\u00e9nom, adresse postale et \u00e9lectronique\u00a0<\/span><span class=\"theming-custom\">page contact<\/span><br \/><span class=\"theming-custom\">Toutes informations personnelles communiqu\u00e9es restera strictement confidentielles.<\/span><\/p><p><span class=\"theming-theme-accent1\"><strong>Repr\u00e9sentant l\u00e9gal<\/strong><\/span><\/p><p><span class=\"theming-custom\">Inscription au registre du commerce et des soci\u00e9t\u00e9s<\/span><\/p><p><span class=\"theming-custom\">Num\u00e9ro d\u2019inscription : 422 819 953<\/span><\/p><p><span class=\"theming-theme-accent1\"><strong>Immatriculation<\/strong><\/span><\/p><p><span class=\"theming-custom\">Num\u00e9ro d\u2019identification TVA : 86 422 819 953<\/span><\/p>\t\t\t\t\t\t\t\t<\/div>\n\t\t\t\t<\/div>\n\t\t\t\t\t<\/div>\n\t\t\t\t<\/div>\n\t\t\t\t<\/div>\n\t\t","protected":false},"excerpt":{"rendered":"<p>Mentions L\u00e9gales INFORMATIONS SUR LA SOCI\u00c9T\u00c9 La soci\u00e9t\u00e9\u00a0MISE A JOUR\u00a0est une SARL\u00a0 Si\u00e8ge social :5 rue des entrepreneurs78420 Carri\u00e8res sur Seine PARIS CR\u00c9ATION ET H\u00c9BERGEMENT Le site www.miseajour-eclairages.fr est cr\u00e9\u00e9 et administr\u00e9 par :\u00a0IONOS Il est h\u00e9berg\u00e9 par :\u00a0OVH\u00a0 PROPRI\u00c9T\u00c9 INTELLECTUELLE Tous les \u00e9l\u00e9ments du site www.miseajour-eclairages.fr sont la propri\u00e9t\u00e9 de MISE A JOUR.La structure&#8230;<\/p>\n","protected":false},"author":1,"featured_media":0,"parent":0,"menu_order":0,"comment_status":"closed","ping_status":"closed","template":"","meta":{"_kadence_starter_templates_imported_post":false,"_kad_post_transparent":"","_kad_post_title":"hide","_kad_post_layout":"fullwidth","_kad_post_sidebar_id":"","_kad_post_content_style":"unboxed","_kad_post_vertical_padding":"hide","_kad_post_feature":"hide","_kad_post_feature_position":"","_kad_post_header":false,"_kad_post_footer":false,"_kad_post_classname":"","footnotes":""},"class_list":["post-3301","page","type-page","status-publish","hentry"],"_links":{"self":[{"href":"https:\/\/miseajour-eclairages.fr\/index.php\/wp-json\/wp\/v2\/pages\/3301","targetHints":{"allow":["GET"]}}],"collection":[{"href":"https:\/\/miseajour-eclairages.fr\/index.php\/wp-json\/wp\/v2\/pages"}],"about":[{"href":"https:\/\/miseajour-eclairages.fr\/index.php\/wp-json\/wp\/v2\/types\/page"}],"author":[{"embeddable":true,"href":"https:\/\/miseajour-eclairages.fr\/index.php\/wp-json\/wp\/v2\/users\/1"}],"replies":[{"embeddable":true,"href":"https:\/\/miseajour-eclairages.fr\/index.php\/wp-json\/wp\/v2\/comments?post=3301"}],"version-history":[{"count":13,"href":"https:\/\/miseajour-eclairages.fr\/index.php\/wp-json\/wp\/v2\/pages\/3301\/revisions"}],"predecessor-version":[{"id":3557,"href":"https:\/\/miseajour-eclairages.fr\/index.php\/wp-json\/wp\/v2\/pages\/3301\/revisions\/3557"}],"wp:attachment":[{"href":"https:\/\/miseajour-eclairages.fr\/index.php\/wp-json\/wp\/v2\/media?parent=3301"}],"curies":[{"name":"wp","href":"https:\/\/api.w.org\/{rel}","templated":true}]}}