{"id":3599,"date":"2023-11-29T23:36:03","date_gmt":"2023-11-29T22:36:03","guid":{"rendered":"http:\/\/localhost\/wordpress\/?page_id=3599"},"modified":"2025-06-25T13:10:58","modified_gmt":"2025-06-25T11:10:58","slug":"toque-du-pain","status":"publish","type":"page","link":"https:\/\/miseajour-eclairages.fr\/index.php\/toque-du-pain\/","title":{"rendered":"Toqu\u00e9s du pain"},"content":{"rendered":"\t\t<div data-elementor-type=\"wp-page\" data-elementor-id=\"3599\" class=\"elementor elementor-3599\" data-elementor-post-type=\"page\">\n\t\t\t\t\t\t<section class=\"elementor-section elementor-top-section elementor-element elementor-element-8abdf67 elementor-section-height-min-height elementor-section-items-bottom elementor-section-boxed elementor-section-height-default\" data-id=\"8abdf67\" data-element_type=\"section\" data-e-type=\"section\" data-settings=\"{&quot;background_background&quot;:&quot;classic&quot;}\">\n\t\t\t\t\t\t\t<div class=\"elementor-background-overlay\"><\/div>\n\t\t\t\t\t\t\t<div class=\"elementor-container elementor-column-gap-default\">\n\t\t\t\t\t<div class=\"elementor-column elementor-col-100 elementor-top-column elementor-element elementor-element-d645e1a\" data-id=\"d645e1a\" data-element_type=\"column\" data-e-type=\"column\">\n\t\t\t<div class=\"elementor-widget-wrap elementor-element-populated\">\n\t\t\t\t\t\t<div class=\"elementor-element elementor-element-1ab7ba8 elementor-invisible elementor-widget elementor-widget-heading\" data-id=\"1ab7ba8\" data-element_type=\"widget\" data-e-type=\"widget\" data-settings=\"{&quot;_animation&quot;:&quot;fadeIn&quot;}\" data-widget_type=\"heading.default\">\n\t\t\t\t<div class=\"elementor-widget-container\">\n\t\t\t\t\t<h1 class=\"elementor-heading-title elementor-size-default\">Nos Projets<\/h1>\t\t\t\t<\/div>\n\t\t\t\t<\/div>\n\t\t\t\t<div class=\"elementor-element elementor-element-e240305 elementor-invisible elementor-widget elementor-widget-text-editor\" data-id=\"e240305\" data-element_type=\"widget\" data-e-type=\"widget\" data-settings=\"{&quot;_animation&quot;:&quot;fadeIn&quot;}\" data-widget_type=\"text-editor.default\">\n\t\t\t\t<div class=\"elementor-widget-container\">\n\t\t\t\t\t\t\t\t\t<p>Sur cette page d\u00e9di\u00e9e aux projets de notre entreprise, vous trouverez un aper\u00e7u complet de nos initiatives, r\u00e9alisations et travaux en cours. Explorez nos projets pour en apprendre davantage sur nos activit\u00e9s, nos r\u00e9ussites et notre engagement envers l&rsquo;innovation et la croissance. D\u00e9couvrez comment nous faisons avancer notre entreprise gr\u00e2ce \u00e0 des descriptions d\u00e9taill\u00e9es, des images, et des informations pertinentes sur chaque projet.<\/p>\t\t\t\t\t\t\t\t<\/div>\n\t\t\t\t<\/div>\n\t\t\t\t<div class=\"elementor-element elementor-element-e81a5a2 elementor-hidden-phone elementor-widget elementor-widget-spacer\" data-id=\"e81a5a2\" data-element_type=\"widget\" data-e-type=\"widget\" data-widget_type=\"spacer.default\">\n\t\t\t\t<div class=\"elementor-widget-container\">\n\t\t\t\t\t\t\t<div class=\"elementor-spacer\">\n\t\t\t<div class=\"elementor-spacer-inner\"><\/div>\n\t\t<\/div>\n\t\t\t\t\t\t<\/div>\n\t\t\t\t<\/div>\n\t\t\t\t\t<\/div>\n\t\t<\/div>\n\t\t\t\t\t<\/div>\n\t\t<\/section>\n\t\t<div class=\"elementor-element elementor-element-08a1105 e-flex e-con-boxed e-con e-parent\" data-id=\"08a1105\" data-element_type=\"container\" data-e-type=\"container\">\n\t\t\t\t\t<div class=\"e-con-inner\">\n\t\t\t\t<div class=\"elementor-element elementor-element-1c47639 elementor-widget elementor-widget-heading\" data-id=\"1c47639\" data-element_type=\"widget\" data-e-type=\"widget\" data-widget_type=\"heading.default\">\n\t\t\t\t<div class=\"elementor-widget-container\">\n\t\t\t\t\t<h2 class=\"elementor-heading-title elementor-size-default\">Toqu\u00e9s Du Pain<\/h2>\t\t\t\t<\/div>\n\t\t\t\t<\/div>\n\t\t\t\t<div class=\"elementor-element elementor-element-b2acd90 elementor-widget elementor-widget-heading\" data-id=\"b2acd90\" data-element_type=\"widget\" data-e-type=\"widget\" data-widget_type=\"heading.default\">\n\t\t\t\t<div class=\"elementor-widget-container\">\n\t\t\t\t\t<h6 class=\"elementor-heading-title elementor-size-default\">\u00a9\ufe0fPhotographie par Marc CHALVIDAL - GRANDES TERRES<\/h6>\t\t\t\t<\/div>\n\t\t\t\t<\/div>\n\t\t\t\t\t<\/div>\n\t\t\t\t<\/div>\n\t\t<div class=\"elementor-element elementor-element-df03d1d e-flex e-con-boxed e-con e-parent\" data-id=\"df03d1d\" data-element_type=\"container\" data-e-type=\"container\">\n\t\t\t\t\t<div class=\"e-con-inner\">\n\t\t\t\t<div class=\"elementor-element elementor-element-08ff5ec gallery-spacing-custom elementor-widget elementor-widget-image-gallery\" data-id=\"08ff5ec\" data-element_type=\"widget\" data-e-type=\"widget\" data-widget_type=\"image-gallery.default\">\n\t\t\t\t<div class=\"elementor-widget-container\">\n\t\t\t\t\t\t\t<div class=\"elementor-image-gallery\">\n\t\t\t<div id='gallery-1' class='gallery galleryid-3599 gallery-columns-3 gallery-size-medium_large'><figure class='gallery-item'>\n\t\t\t<div class='gallery-icon portrait'>\n\t\t\t\t<a data-elementor-open-lightbox=\"yes\" data-elementor-lightbox-slideshow=\"08ff5ec\" data-elementor-lightbox-title=\"image (7)\" data-e-action-hash=\"#elementor-action%3Aaction%3Dlightbox%26settings%3DeyJpZCI6MzYwNSwidXJsIjoiaHR0cHM6XC9cL21pc2Vham91ci1lY2xhaXJhZ2VzLmZyXC93cC1jb250ZW50XC91cGxvYWRzXC8yMDIzXC8xMVwvaW1hZ2UtNy5qcGciLCJzbGlkZXNob3ciOiIwOGZmNWVjIn0%3D\" href='https:\/\/miseajour-eclairages.fr\/wp-content\/uploads\/2023\/11\/image-7.jpg'><img fetchpriority=\"high\" decoding=\"async\" width=\"567\" height=\"608\" src=\"https:\/\/miseajour-eclairages.fr\/wp-content\/uploads\/2023\/11\/image-7.jpg\" class=\"attachment-medium_large size-medium_large\" alt=\"\" srcset=\"https:\/\/miseajour-eclairages.fr\/wp-content\/uploads\/2023\/11\/image-7.jpg 567w, https:\/\/miseajour-eclairages.fr\/wp-content\/uploads\/2023\/11\/image-7-280x300.jpg 280w\" sizes=\"(max-width: 567px) 100vw, 567px\" \/><\/a>\n\t\t\t<\/div><\/figure><figure class='gallery-item'>\n\t\t\t<div class='gallery-icon landscape'>\n\t\t\t\t<a data-elementor-open-lightbox=\"yes\" data-elementor-lightbox-slideshow=\"08ff5ec\" data-elementor-lightbox-title=\"image (6)\" data-e-action-hash=\"#elementor-action%3Aaction%3Dlightbox%26settings%3DeyJpZCI6MzYwNiwidXJsIjoiaHR0cHM6XC9cL21pc2Vham91ci1lY2xhaXJhZ2VzLmZyXC93cC1jb250ZW50XC91cGxvYWRzXC8yMDIzXC8xMVwvaW1hZ2UtNi5qcGciLCJzbGlkZXNob3ciOiIwOGZmNWVjIn0%3D\" href='https:\/\/miseajour-eclairages.fr\/wp-content\/uploads\/2023\/11\/image-6.jpg'><img decoding=\"async\" width=\"567\" height=\"525\" src=\"https:\/\/miseajour-eclairages.fr\/wp-content\/uploads\/2023\/11\/image-6.jpg\" class=\"attachment-medium_large size-medium_large\" alt=\"\" srcset=\"https:\/\/miseajour-eclairages.fr\/wp-content\/uploads\/2023\/11\/image-6.jpg 567w, https:\/\/miseajour-eclairages.fr\/wp-content\/uploads\/2023\/11\/image-6-300x278.jpg 300w\" sizes=\"(max-width: 567px) 100vw, 567px\" \/><\/a>\n\t\t\t<\/div><\/figure><figure class='gallery-item'>\n\t\t\t<div class='gallery-icon landscape'>\n\t\t\t\t<a data-elementor-open-lightbox=\"yes\" data-elementor-lightbox-slideshow=\"08ff5ec\" data-elementor-lightbox-title=\"image (5)\" data-e-action-hash=\"#elementor-action%3Aaction%3Dlightbox%26settings%3DeyJpZCI6MzYwNywidXJsIjoiaHR0cHM6XC9cL21pc2Vham91ci1lY2xhaXJhZ2VzLmZyXC93cC1jb250ZW50XC91cGxvYWRzXC8yMDIzXC8xMVwvaW1hZ2UtNS5qcGciLCJzbGlkZXNob3ciOiIwOGZmNWVjIn0%3D\" href='https:\/\/miseajour-eclairages.fr\/wp-content\/uploads\/2023\/11\/image-5.jpg'><img decoding=\"async\" width=\"567\" height=\"308\" src=\"https:\/\/miseajour-eclairages.fr\/wp-content\/uploads\/2023\/11\/image-5.jpg\" class=\"attachment-medium_large size-medium_large\" alt=\"\" srcset=\"https:\/\/miseajour-eclairages.fr\/wp-content\/uploads\/2023\/11\/image-5.jpg 567w, https:\/\/miseajour-eclairages.fr\/wp-content\/uploads\/2023\/11\/image-5-300x163.jpg 300w\" sizes=\"(max-width: 567px) 100vw, 567px\" \/><\/a>\n\t\t\t<\/div><\/figure><figure class='gallery-item'>\n\t\t\t<div class='gallery-icon landscape'>\n\t\t\t\t<a data-elementor-open-lightbox=\"yes\" data-elementor-lightbox-slideshow=\"08ff5ec\" data-elementor-lightbox-title=\"image (4)\" data-e-action-hash=\"#elementor-action%3Aaction%3Dlightbox%26settings%3DeyJpZCI6MzYwOCwidXJsIjoiaHR0cHM6XC9cL21pc2Vham91ci1lY2xhaXJhZ2VzLmZyXC93cC1jb250ZW50XC91cGxvYWRzXC8yMDIzXC8xMVwvaW1hZ2UtNC5qcGciLCJzbGlkZXNob3ciOiIwOGZmNWVjIn0%3D\" href='https:\/\/miseajour-eclairages.fr\/wp-content\/uploads\/2023\/11\/image-4.jpg'><img loading=\"lazy\" decoding=\"async\" width=\"567\" height=\"422\" src=\"https:\/\/miseajour-eclairages.fr\/wp-content\/uploads\/2023\/11\/image-4.jpg\" class=\"attachment-medium_large size-medium_large\" alt=\"\" srcset=\"https:\/\/miseajour-eclairages.fr\/wp-content\/uploads\/2023\/11\/image-4.jpg 567w, https:\/\/miseajour-eclairages.fr\/wp-content\/uploads\/2023\/11\/image-4-300x223.jpg 300w\" sizes=\"(max-width: 567px) 100vw, 567px\" \/><\/a>\n\t\t\t<\/div><\/figure><figure class='gallery-item'>\n\t\t\t<div class='gallery-icon portrait'>\n\t\t\t\t<a data-elementor-open-lightbox=\"yes\" data-elementor-lightbox-slideshow=\"08ff5ec\" data-elementor-lightbox-title=\"image (3)\" data-e-action-hash=\"#elementor-action%3Aaction%3Dlightbox%26settings%3DeyJpZCI6MzYwOSwidXJsIjoiaHR0cHM6XC9cL21pc2Vham91ci1lY2xhaXJhZ2VzLmZyXC93cC1jb250ZW50XC91cGxvYWRzXC8yMDIzXC8xMVwvaW1hZ2UtMy5qcGciLCJzbGlkZXNob3ciOiIwOGZmNWVjIn0%3D\" href='https:\/\/miseajour-eclairages.fr\/wp-content\/uploads\/2023\/11\/image-3.jpg'><img loading=\"lazy\" decoding=\"async\" width=\"567\" height=\"608\" src=\"https:\/\/miseajour-eclairages.fr\/wp-content\/uploads\/2023\/11\/image-3.jpg\" class=\"attachment-medium_large size-medium_large\" alt=\"\" srcset=\"https:\/\/miseajour-eclairages.fr\/wp-content\/uploads\/2023\/11\/image-3.jpg 567w, https:\/\/miseajour-eclairages.fr\/wp-content\/uploads\/2023\/11\/image-3-280x300.jpg 280w\" sizes=\"(max-width: 567px) 100vw, 567px\" \/><\/a>\n\t\t\t<\/div><\/figure><figure class='gallery-item'>\n\t\t\t<div class='gallery-icon landscape'>\n\t\t\t\t<a data-elementor-open-lightbox=\"yes\" data-elementor-lightbox-slideshow=\"08ff5ec\" data-elementor-lightbox-title=\"image (2)\" data-e-action-hash=\"#elementor-action%3Aaction%3Dlightbox%26settings%3DeyJpZCI6MzYxMCwidXJsIjoiaHR0cHM6XC9cL21pc2Vham91ci1lY2xhaXJhZ2VzLmZyXC93cC1jb250ZW50XC91cGxvYWRzXC8yMDIzXC8xMVwvaW1hZ2UtMi5qcGciLCJzbGlkZXNob3ciOiIwOGZmNWVjIn0%3D\" href='https:\/\/miseajour-eclairages.fr\/wp-content\/uploads\/2023\/11\/image-2.jpg'><img loading=\"lazy\" decoding=\"async\" width=\"567\" height=\"425\" src=\"https:\/\/miseajour-eclairages.fr\/wp-content\/uploads\/2023\/11\/image-2.jpg\" class=\"attachment-medium_large size-medium_large\" alt=\"\" srcset=\"https:\/\/miseajour-eclairages.fr\/wp-content\/uploads\/2023\/11\/image-2.jpg 567w, https:\/\/miseajour-eclairages.fr\/wp-content\/uploads\/2023\/11\/image-2-300x225.jpg 300w\" sizes=\"(max-width: 567px) 100vw, 567px\" \/><\/a>\n\t\t\t<\/div><\/figure>\n\t\t<\/div>\n\t\t<\/div>\n\t\t\t\t\t\t<\/div>\n\t\t\t\t<\/div>\n\t\t\t\t\t<\/div>\n\t\t\t\t<\/div>\n\t\t\t\t<\/div>\n\t\t","protected":false},"excerpt":{"rendered":"<p>Nos Projets Sur cette page d\u00e9di\u00e9e aux projets de notre entreprise, vous trouverez un aper\u00e7u complet de nos initiatives, r\u00e9alisations et travaux en cours. Explorez nos projets pour en apprendre davantage sur nos activit\u00e9s, nos r\u00e9ussites et notre engagement envers l&rsquo;innovation et la croissance. D\u00e9couvrez comment nous faisons avancer notre entreprise gr\u00e2ce \u00e0 des descriptions&#8230;<\/p>\n","protected":false},"author":1,"featured_media":0,"parent":0,"menu_order":0,"comment_status":"closed","ping_status":"closed","template":"","meta":{"_kadence_starter_templates_imported_post":false,"_kad_post_transparent":"","_kad_post_title":"hide","_kad_post_layout":"fullwidth","_kad_post_sidebar_id":"","_kad_post_content_style":"unboxed","_kad_post_vertical_padding":"hide","_kad_post_feature":"hide","_kad_post_feature_position":"","_kad_post_header":false,"_kad_post_footer":false,"_kad_post_classname":"","footnotes":""},"class_list":["post-3599","page","type-page","status-publish","hentry"],"_links":{"self":[{"href":"https:\/\/miseajour-eclairages.fr\/index.php\/wp-json\/wp\/v2\/pages\/3599","targetHints":{"allow":["GET"]}}],"collection":[{"href":"https:\/\/miseajour-eclairages.fr\/index.php\/wp-json\/wp\/v2\/pages"}],"about":[{"href":"https:\/\/miseajour-eclairages.fr\/index.php\/wp-json\/wp\/v2\/types\/page"}],"author":[{"embeddable":true,"href":"https:\/\/miseajour-eclairages.fr\/index.php\/wp-json\/wp\/v2\/users\/1"}],"replies":[{"embeddable":true,"href":"https:\/\/miseajour-eclairages.fr\/index.php\/wp-json\/wp\/v2\/comments?post=3599"}],"version-history":[{"count":25,"href":"https:\/\/miseajour-eclairages.fr\/index.php\/wp-json\/wp\/v2\/pages\/3599\/revisions"}],"predecessor-version":[{"id":4265,"href":"https:\/\/miseajour-eclairages.fr\/index.php\/wp-json\/wp\/v2\/pages\/3599\/revisions\/4265"}],"wp:attachment":[{"href":"https:\/\/miseajour-eclairages.fr\/index.php\/wp-json\/wp\/v2\/media?parent=3599"}],"curies":[{"name":"wp","href":"https:\/\/api.w.org\/{rel}","templated":true}]}}