{"id":3617,"date":"2023-11-29T23:54:52","date_gmt":"2023-11-29T22:54:52","guid":{"rendered":"http:\/\/localhost\/wordpress\/?page_id=3617"},"modified":"2025-06-25T13:22:25","modified_gmt":"2025-06-25T11:22:25","slug":"appartement-la-muette","status":"publish","type":"page","link":"https:\/\/miseajour-eclairages.fr\/index.php\/appartement-la-muette\/","title":{"rendered":"Appartement La Muette"},"content":{"rendered":"\t\t<div data-elementor-type=\"wp-page\" data-elementor-id=\"3617\" class=\"elementor elementor-3617\" data-elementor-post-type=\"page\">\n\t\t\t\t\t\t<section class=\"elementor-section elementor-top-section elementor-element elementor-element-484434e elementor-section-height-min-height elementor-section-items-bottom elementor-section-boxed elementor-section-height-default\" data-id=\"484434e\" data-element_type=\"section\" data-e-type=\"section\" data-settings=\"{&quot;background_background&quot;:&quot;classic&quot;}\">\n\t\t\t\t\t\t\t<div class=\"elementor-background-overlay\"><\/div>\n\t\t\t\t\t\t\t<div class=\"elementor-container elementor-column-gap-default\">\n\t\t\t\t\t<div class=\"elementor-column elementor-col-50 elementor-top-column elementor-element elementor-element-9ada057\" data-id=\"9ada057\" data-element_type=\"column\" data-e-type=\"column\">\n\t\t\t<div class=\"elementor-widget-wrap elementor-element-populated\">\n\t\t\t\t\t\t<div class=\"elementor-element elementor-element-4510172 elementor-invisible elementor-widget elementor-widget-heading\" data-id=\"4510172\" data-element_type=\"widget\" data-e-type=\"widget\" data-settings=\"{&quot;_animation&quot;:&quot;fadeIn&quot;}\" data-widget_type=\"heading.default\">\n\t\t\t\t<div class=\"elementor-widget-container\">\n\t\t\t\t\t<h1 class=\"elementor-heading-title elementor-size-default\">Nos Projets<\/h1>\t\t\t\t<\/div>\n\t\t\t\t<\/div>\n\t\t\t\t<div class=\"elementor-element elementor-element-b7c030d elementor-invisible elementor-widget elementor-widget-text-editor\" data-id=\"b7c030d\" data-element_type=\"widget\" data-e-type=\"widget\" data-settings=\"{&quot;_animation&quot;:&quot;fadeIn&quot;}\" data-widget_type=\"text-editor.default\">\n\t\t\t\t<div class=\"elementor-widget-container\">\n\t\t\t\t\t\t\t\t\t<p>Sur cette page d\u00e9di\u00e9e aux projets de notre entreprise, vous trouverez un aper\u00e7u complet de nos initiatives, r\u00e9alisations et travaux en cours. Explorez nos projets pour en apprendre davantage sur nos activit\u00e9s, nos r\u00e9ussites et notre engagement envers l&rsquo;innovation et la croissance. D\u00e9couvrez comment nous faisons avancer notre entreprise gr\u00e2ce \u00e0 des descriptions d\u00e9taill\u00e9es, des images, et des informations pertinentes sur chaque projet.<\/p>\t\t\t\t\t\t\t\t<\/div>\n\t\t\t\t<\/div>\n\t\t\t\t<div class=\"elementor-element elementor-element-afae74b elementor-hidden-phone elementor-widget elementor-widget-spacer\" data-id=\"afae74b\" data-element_type=\"widget\" data-e-type=\"widget\" data-widget_type=\"spacer.default\">\n\t\t\t\t<div class=\"elementor-widget-container\">\n\t\t\t\t\t\t\t<div class=\"elementor-spacer\">\n\t\t\t<div class=\"elementor-spacer-inner\"><\/div>\n\t\t<\/div>\n\t\t\t\t\t\t<\/div>\n\t\t\t\t<\/div>\n\t\t\t\t\t<\/div>\n\t\t<\/div>\n\t\t\t\t<div class=\"elementor-column elementor-col-50 elementor-top-column elementor-element elementor-element-14233c1\" data-id=\"14233c1\" data-element_type=\"column\" data-e-type=\"column\">\n\t\t\t<div class=\"elementor-widget-wrap\">\n\t\t\t\t\t\t\t<\/div>\n\t\t<\/div>\n\t\t\t\t\t<\/div>\n\t\t<\/section>\n\t\t<div class=\"elementor-element elementor-element-92515e8 e-flex e-con-boxed e-con e-parent\" data-id=\"92515e8\" data-element_type=\"container\" data-e-type=\"container\">\n\t\t\t\t\t<div class=\"e-con-inner\">\n\t\t\t\t<div class=\"elementor-element elementor-element-4e1c8c3 elementor-widget elementor-widget-heading\" data-id=\"4e1c8c3\" data-element_type=\"widget\" data-e-type=\"widget\" data-widget_type=\"heading.default\">\n\t\t\t\t<div class=\"elementor-widget-container\">\n\t\t\t\t\t<h2 class=\"elementor-heading-title elementor-size-default\">Appartement La Muette<br><br><span><b>\u00a9\ufe0fPhotographie par Laurent CAPUANO - TREMITI ARCHITECTURE<\/b><\/span><\/h2>\t\t\t\t<\/div>\n\t\t\t\t<\/div>\n\t\t\t\t\t<\/div>\n\t\t\t\t<\/div>\n\t\t<div class=\"elementor-element elementor-element-809b74e e-flex e-con-boxed e-con e-parent\" data-id=\"809b74e\" data-element_type=\"container\" data-e-type=\"container\">\n\t\t\t\t\t<div class=\"e-con-inner\">\n\t\t\t\t<div class=\"elementor-element elementor-element-27a1ad7 gallery-spacing-custom elementor-widget elementor-widget-image-gallery\" data-id=\"27a1ad7\" data-element_type=\"widget\" data-e-type=\"widget\" data-widget_type=\"image-gallery.default\">\n\t\t\t\t<div class=\"elementor-widget-container\">\n\t\t\t\t\t\t\t<div class=\"elementor-image-gallery\">\n\t\t\t<div id='gallery-1' class='gallery galleryid-3617 gallery-columns-3 gallery-size-medium_large'><figure class='gallery-item'>\n\t\t\t<div class='gallery-icon portrait'>\n\t\t\t\t<a data-elementor-open-lightbox=\"yes\" data-elementor-lightbox-slideshow=\"27a1ad7\" data-elementor-lightbox-title=\"image-320x427 (3)\" data-e-action-hash=\"#elementor-action%3Aaction%3Dlightbox%26settings%3DeyJpZCI6MzYyMiwidXJsIjoiaHR0cHM6XC9cL21pc2Vham91ci1lY2xhaXJhZ2VzLmZyXC93cC1jb250ZW50XC91cGxvYWRzXC8yMDIzXC8xMVwvaW1hZ2UtMzIweDQyNy0zLmpwZyIsInNsaWRlc2hvdyI6IjI3YTFhZDcifQ%3D%3D\" href='https:\/\/miseajour-eclairages.fr\/wp-content\/uploads\/2023\/11\/image-320x427-3.jpg'><img fetchpriority=\"high\" decoding=\"async\" width=\"320\" height=\"427\" src=\"https:\/\/miseajour-eclairages.fr\/wp-content\/uploads\/2023\/11\/image-320x427-3.jpg\" class=\"attachment-medium_large size-medium_large\" alt=\"\" srcset=\"https:\/\/miseajour-eclairages.fr\/wp-content\/uploads\/2023\/11\/image-320x427-3.jpg 320w, https:\/\/miseajour-eclairages.fr\/wp-content\/uploads\/2023\/11\/image-320x427-3-225x300.jpg 225w\" sizes=\"(max-width: 320px) 100vw, 320px\" \/><\/a>\n\t\t\t<\/div><\/figure><figure class='gallery-item'>\n\t\t\t<div class='gallery-icon portrait'>\n\t\t\t\t<a data-elementor-open-lightbox=\"yes\" data-elementor-lightbox-slideshow=\"27a1ad7\" data-elementor-lightbox-title=\"image-320x427 (2)\" data-e-action-hash=\"#elementor-action%3Aaction%3Dlightbox%26settings%3DeyJpZCI6MzYyMywidXJsIjoiaHR0cHM6XC9cL21pc2Vham91ci1lY2xhaXJhZ2VzLmZyXC93cC1jb250ZW50XC91cGxvYWRzXC8yMDIzXC8xMVwvaW1hZ2UtMzIweDQyNy0yLmpwZyIsInNsaWRlc2hvdyI6IjI3YTFhZDcifQ%3D%3D\" href='https:\/\/miseajour-eclairages.fr\/wp-content\/uploads\/2023\/11\/image-320x427-2.jpg'><img decoding=\"async\" width=\"320\" height=\"427\" src=\"https:\/\/miseajour-eclairages.fr\/wp-content\/uploads\/2023\/11\/image-320x427-2.jpg\" class=\"attachment-medium_large size-medium_large\" alt=\"\" srcset=\"https:\/\/miseajour-eclairages.fr\/wp-content\/uploads\/2023\/11\/image-320x427-2.jpg 320w, https:\/\/miseajour-eclairages.fr\/wp-content\/uploads\/2023\/11\/image-320x427-2-225x300.jpg 225w\" sizes=\"(max-width: 320px) 100vw, 320px\" \/><\/a>\n\t\t\t<\/div><\/figure><figure class='gallery-item'>\n\t\t\t<div class='gallery-icon portrait'>\n\t\t\t\t<a data-elementor-open-lightbox=\"yes\" data-elementor-lightbox-slideshow=\"27a1ad7\" data-elementor-lightbox-title=\"image-320x427 (1)\" data-e-action-hash=\"#elementor-action%3Aaction%3Dlightbox%26settings%3DeyJpZCI6MzYyNCwidXJsIjoiaHR0cHM6XC9cL21pc2Vham91ci1lY2xhaXJhZ2VzLmZyXC93cC1jb250ZW50XC91cGxvYWRzXC8yMDIzXC8xMVwvaW1hZ2UtMzIweDQyNy0xLmpwZyIsInNsaWRlc2hvdyI6IjI3YTFhZDcifQ%3D%3D\" href='https:\/\/miseajour-eclairages.fr\/wp-content\/uploads\/2023\/11\/image-320x427-1.jpg'><img decoding=\"async\" width=\"320\" height=\"427\" src=\"https:\/\/miseajour-eclairages.fr\/wp-content\/uploads\/2023\/11\/image-320x427-1.jpg\" class=\"attachment-medium_large size-medium_large\" alt=\"\" srcset=\"https:\/\/miseajour-eclairages.fr\/wp-content\/uploads\/2023\/11\/image-320x427-1.jpg 320w, https:\/\/miseajour-eclairages.fr\/wp-content\/uploads\/2023\/11\/image-320x427-1-225x300.jpg 225w\" sizes=\"(max-width: 320px) 100vw, 320px\" \/><\/a>\n\t\t\t<\/div><\/figure><figure class='gallery-item'>\n\t\t\t<div class='gallery-icon portrait'>\n\t\t\t\t<a data-elementor-open-lightbox=\"yes\" data-elementor-lightbox-slideshow=\"27a1ad7\" data-elementor-lightbox-title=\"image-320x427\" data-e-action-hash=\"#elementor-action%3Aaction%3Dlightbox%26settings%3DeyJpZCI6MzYyNSwidXJsIjoiaHR0cHM6XC9cL21pc2Vham91ci1lY2xhaXJhZ2VzLmZyXC93cC1jb250ZW50XC91cGxvYWRzXC8yMDIzXC8xMVwvaW1hZ2UtMzIweDQyNy00LmpwZyIsInNsaWRlc2hvdyI6IjI3YTFhZDcifQ%3D%3D\" href='https:\/\/miseajour-eclairages.fr\/wp-content\/uploads\/2023\/11\/image-320x427-4.jpg'><img loading=\"lazy\" decoding=\"async\" width=\"320\" height=\"427\" src=\"https:\/\/miseajour-eclairages.fr\/wp-content\/uploads\/2023\/11\/image-320x427-4.jpg\" class=\"attachment-medium_large size-medium_large\" alt=\"\" srcset=\"https:\/\/miseajour-eclairages.fr\/wp-content\/uploads\/2023\/11\/image-320x427-4.jpg 320w, https:\/\/miseajour-eclairages.fr\/wp-content\/uploads\/2023\/11\/image-320x427-4-225x300.jpg 225w\" sizes=\"(max-width: 320px) 100vw, 320px\" \/><\/a>\n\t\t\t<\/div><\/figure>\n\t\t<\/div>\n\t\t<\/div>\n\t\t\t\t\t\t<\/div>\n\t\t\t\t<\/div>\n\t\t\t\t\t<\/div>\n\t\t\t\t<\/div>\n\t\t\t\t<\/div>\n\t\t","protected":false},"excerpt":{"rendered":"<p>Nos Projets Sur cette page d\u00e9di\u00e9e aux projets de notre entreprise, vous trouverez un aper\u00e7u complet de nos initiatives, r\u00e9alisations et travaux en cours. Explorez nos projets pour en apprendre davantage sur nos activit\u00e9s, nos r\u00e9ussites et notre engagement envers l&rsquo;innovation et la croissance. D\u00e9couvrez comment nous faisons avancer notre entreprise gr\u00e2ce \u00e0 des descriptions&#8230;<\/p>\n","protected":false},"author":1,"featured_media":0,"parent":0,"menu_order":0,"comment_status":"closed","ping_status":"closed","template":"","meta":{"_kadence_starter_templates_imported_post":false,"_kad_post_transparent":"","_kad_post_title":"hide","_kad_post_layout":"fullwidth","_kad_post_sidebar_id":"","_kad_post_content_style":"unboxed","_kad_post_vertical_padding":"hide","_kad_post_feature":"hide","_kad_post_feature_position":"","_kad_post_header":false,"_kad_post_footer":false,"_kad_post_classname":"","footnotes":""},"class_list":["post-3617","page","type-page","status-publish","hentry"],"_links":{"self":[{"href":"https:\/\/miseajour-eclairages.fr\/index.php\/wp-json\/wp\/v2\/pages\/3617","targetHints":{"allow":["GET"]}}],"collection":[{"href":"https:\/\/miseajour-eclairages.fr\/index.php\/wp-json\/wp\/v2\/pages"}],"about":[{"href":"https:\/\/miseajour-eclairages.fr\/index.php\/wp-json\/wp\/v2\/types\/page"}],"author":[{"embeddable":true,"href":"https:\/\/miseajour-eclairages.fr\/index.php\/wp-json\/wp\/v2\/users\/1"}],"replies":[{"embeddable":true,"href":"https:\/\/miseajour-eclairages.fr\/index.php\/wp-json\/wp\/v2\/comments?post=3617"}],"version-history":[{"count":25,"href":"https:\/\/miseajour-eclairages.fr\/index.php\/wp-json\/wp\/v2\/pages\/3617\/revisions"}],"predecessor-version":[{"id":4272,"href":"https:\/\/miseajour-eclairages.fr\/index.php\/wp-json\/wp\/v2\/pages\/3617\/revisions\/4272"}],"wp:attachment":[{"href":"https:\/\/miseajour-eclairages.fr\/index.php\/wp-json\/wp\/v2\/media?parent=3617"}],"curies":[{"name":"wp","href":"https:\/\/api.w.org\/{rel}","templated":true}]}}