{"id":3635,"date":"2023-11-30T00:04:50","date_gmt":"2023-11-29T23:04:50","guid":{"rendered":"http:\/\/localhost\/wordpress\/?page_id=3635"},"modified":"2024-12-04T14:42:35","modified_gmt":"2024-12-04T13:42:35","slug":"daumesnil","status":"publish","type":"page","link":"https:\/\/miseajour-eclairages.fr\/index.php\/daumesnil\/","title":{"rendered":"Daumesnil"},"content":{"rendered":"\t\t<div data-elementor-type=\"wp-page\" data-elementor-id=\"3635\" class=\"elementor elementor-3635\" data-elementor-post-type=\"page\">\n\t\t\t\t\t\t<section class=\"elementor-section elementor-top-section elementor-element elementor-element-b42b38f elementor-section-height-min-height elementor-section-items-bottom elementor-section-boxed elementor-section-height-default\" data-id=\"b42b38f\" data-element_type=\"section\" data-e-type=\"section\" data-settings=\"{&quot;background_background&quot;:&quot;classic&quot;}\">\n\t\t\t\t\t\t\t<div class=\"elementor-background-overlay\"><\/div>\n\t\t\t\t\t\t\t<div class=\"elementor-container elementor-column-gap-default\">\n\t\t\t\t\t<div class=\"elementor-column elementor-col-100 elementor-top-column elementor-element elementor-element-38dbff1\" data-id=\"38dbff1\" data-element_type=\"column\" data-e-type=\"column\">\n\t\t\t<div class=\"elementor-widget-wrap elementor-element-populated\">\n\t\t\t\t\t\t<div class=\"elementor-element elementor-element-efac1cc elementor-invisible elementor-widget elementor-widget-heading\" data-id=\"efac1cc\" data-element_type=\"widget\" data-e-type=\"widget\" data-settings=\"{&quot;_animation&quot;:&quot;fadeIn&quot;}\" data-widget_type=\"heading.default\">\n\t\t\t\t<div class=\"elementor-widget-container\">\n\t\t\t\t\t<h1 class=\"elementor-heading-title elementor-size-default\">Nos Projets<\/h1>\t\t\t\t<\/div>\n\t\t\t\t<\/div>\n\t\t\t\t<div class=\"elementor-element elementor-element-5a574b1 elementor-invisible elementor-widget elementor-widget-text-editor\" data-id=\"5a574b1\" data-element_type=\"widget\" data-e-type=\"widget\" data-settings=\"{&quot;_animation&quot;:&quot;fadeIn&quot;}\" data-widget_type=\"text-editor.default\">\n\t\t\t\t<div class=\"elementor-widget-container\">\n\t\t\t\t\t\t\t\t\t<p>Sur cette page d\u00e9di\u00e9e aux projets de notre entreprise, vous trouverez un aper\u00e7u complet de nos initiatives, r\u00e9alisations et travaux en cours. Explorez nos projets pour en apprendre davantage sur nos activit\u00e9s, nos r\u00e9ussites et notre engagement envers l&rsquo;innovation et la croissance. D\u00e9couvrez comment nous faisons avancer notre entreprise gr\u00e2ce \u00e0 des descriptions d\u00e9taill\u00e9es, des images, et des informations pertinentes sur chaque projet.<\/p>\t\t\t\t\t\t\t\t<\/div>\n\t\t\t\t<\/div>\n\t\t\t\t<div class=\"elementor-element elementor-element-6ffdf7b elementor-hidden-phone elementor-widget elementor-widget-spacer\" data-id=\"6ffdf7b\" data-element_type=\"widget\" data-e-type=\"widget\" data-widget_type=\"spacer.default\">\n\t\t\t\t<div class=\"elementor-widget-container\">\n\t\t\t\t\t\t\t<div class=\"elementor-spacer\">\n\t\t\t<div class=\"elementor-spacer-inner\"><\/div>\n\t\t<\/div>\n\t\t\t\t\t\t<\/div>\n\t\t\t\t<\/div>\n\t\t\t\t\t<\/div>\n\t\t<\/div>\n\t\t\t\t\t<\/div>\n\t\t<\/section>\n\t\t<div class=\"elementor-element elementor-element-97606b5 e-flex e-con-boxed e-con e-parent\" data-id=\"97606b5\" data-element_type=\"container\" data-e-type=\"container\">\n\t\t\t\t\t<div class=\"e-con-inner\">\n\t\t\t\t<div class=\"elementor-element elementor-element-c43f27d elementor-widget elementor-widget-heading\" data-id=\"c43f27d\" data-element_type=\"widget\" data-e-type=\"widget\" data-widget_type=\"heading.default\">\n\t\t\t\t<div class=\"elementor-widget-container\">\n\t\t\t\t\t<h2 class=\"elementor-heading-title elementor-size-default\">Daumesnil<\/h2>\t\t\t\t<\/div>\n\t\t\t\t<\/div>\n\t\t\t\t\t<\/div>\n\t\t\t\t<\/div>\n\t\t<div class=\"elementor-element elementor-element-66feb38 e-flex e-con-boxed e-con e-parent\" data-id=\"66feb38\" data-element_type=\"container\" data-e-type=\"container\">\n\t\t\t\t\t<div class=\"e-con-inner\">\n\t\t\t\t<div class=\"elementor-element elementor-element-dff6c62 elementor-widget elementor-widget-heading\" data-id=\"dff6c62\" data-element_type=\"widget\" data-e-type=\"widget\" data-widget_type=\"heading.default\">\n\t\t\t\t<div class=\"elementor-widget-container\">\n\t\t\t\t\t<h6 class=\"elementor-heading-title elementor-size-default\">\u00a9\ufe0fPhotographie Victor Grandgeorge\u200b<\/h6>\t\t\t\t<\/div>\n\t\t\t\t<\/div>\n\t\t\t\t\t<\/div>\n\t\t\t\t<\/div>\n\t\t<div class=\"elementor-element elementor-element-8641037 e-flex e-con-boxed e-con e-parent\" data-id=\"8641037\" data-element_type=\"container\" data-e-type=\"container\">\n\t\t\t\t\t<div class=\"e-con-inner\">\n\t\t\t\t<div class=\"elementor-element elementor-element-75c9ae1 gallery-spacing-custom elementor-widget elementor-widget-image-gallery\" data-id=\"75c9ae1\" data-element_type=\"widget\" data-e-type=\"widget\" data-widget_type=\"image-gallery.default\">\n\t\t\t\t<div class=\"elementor-widget-container\">\n\t\t\t\t\t\t\t<div class=\"elementor-image-gallery\">\n\t\t\t<div id='gallery-1' class='gallery galleryid-3635 gallery-columns-3 gallery-size-medium_large'><figure class='gallery-item'>\n\t\t\t<div class='gallery-icon portrait'>\n\t\t\t\t<a data-elementor-open-lightbox=\"yes\" data-elementor-lightbox-slideshow=\"75c9ae1\" data-elementor-lightbox-title=\"image-320x479 (3)\" data-e-action-hash=\"#elementor-action%3Aaction%3Dlightbox%26settings%3DeyJpZCI6MzYzNywidXJsIjoiaHR0cHM6XC9cL21pc2Vham91ci1lY2xhaXJhZ2VzLmZyXC93cC1jb250ZW50XC91cGxvYWRzXC8yMDIzXC8xMVwvaW1hZ2UtMzIweDQ3OS0zLmpwZyIsInNsaWRlc2hvdyI6Ijc1YzlhZTEifQ%3D%3D\" href='https:\/\/miseajour-eclairages.fr\/wp-content\/uploads\/2023\/11\/image-320x479-3.jpg'><img fetchpriority=\"high\" decoding=\"async\" width=\"320\" height=\"479\" src=\"https:\/\/miseajour-eclairages.fr\/wp-content\/uploads\/2023\/11\/image-320x479-3.jpg\" class=\"attachment-medium_large size-medium_large\" alt=\"\" srcset=\"https:\/\/miseajour-eclairages.fr\/wp-content\/uploads\/2023\/11\/image-320x479-3.jpg 320w, https:\/\/miseajour-eclairages.fr\/wp-content\/uploads\/2023\/11\/image-320x479-3-200x300.jpg 200w\" sizes=\"(max-width: 320px) 100vw, 320px\" \/><\/a>\n\t\t\t<\/div><\/figure><figure class='gallery-item'>\n\t\t\t<div class='gallery-icon landscape'>\n\t\t\t\t<a data-elementor-open-lightbox=\"yes\" data-elementor-lightbox-slideshow=\"75c9ae1\" data-elementor-lightbox-title=\"image-479x320 (6)\" data-e-action-hash=\"#elementor-action%3Aaction%3Dlightbox%26settings%3DeyJpZCI6MzYzOCwidXJsIjoiaHR0cHM6XC9cL21pc2Vham91ci1lY2xhaXJhZ2VzLmZyXC93cC1jb250ZW50XC91cGxvYWRzXC8yMDIzXC8xMVwvaW1hZ2UtNDc5eDMyMC02LmpwZyIsInNsaWRlc2hvdyI6Ijc1YzlhZTEifQ%3D%3D\" href='https:\/\/miseajour-eclairages.fr\/wp-content\/uploads\/2023\/11\/image-479x320-6.jpg'><img decoding=\"async\" width=\"479\" height=\"320\" src=\"https:\/\/miseajour-eclairages.fr\/wp-content\/uploads\/2023\/11\/image-479x320-6.jpg\" class=\"attachment-medium_large size-medium_large\" alt=\"\" srcset=\"https:\/\/miseajour-eclairages.fr\/wp-content\/uploads\/2023\/11\/image-479x320-6.jpg 479w, https:\/\/miseajour-eclairages.fr\/wp-content\/uploads\/2023\/11\/image-479x320-6-300x200.jpg 300w\" sizes=\"(max-width: 479px) 100vw, 479px\" \/><\/a>\n\t\t\t<\/div><\/figure><figure class='gallery-item'>\n\t\t\t<div class='gallery-icon landscape'>\n\t\t\t\t<a data-elementor-open-lightbox=\"yes\" data-elementor-lightbox-slideshow=\"75c9ae1\" data-elementor-lightbox-title=\"image-479x320 (5)\" data-e-action-hash=\"#elementor-action%3Aaction%3Dlightbox%26settings%3DeyJpZCI6MzYzOSwidXJsIjoiaHR0cHM6XC9cL21pc2Vham91ci1lY2xhaXJhZ2VzLmZyXC93cC1jb250ZW50XC91cGxvYWRzXC8yMDIzXC8xMVwvaW1hZ2UtNDc5eDMyMC01LmpwZyIsInNsaWRlc2hvdyI6Ijc1YzlhZTEifQ%3D%3D\" href='https:\/\/miseajour-eclairages.fr\/wp-content\/uploads\/2023\/11\/image-479x320-5.jpg'><img decoding=\"async\" width=\"479\" height=\"320\" src=\"https:\/\/miseajour-eclairages.fr\/wp-content\/uploads\/2023\/11\/image-479x320-5.jpg\" class=\"attachment-medium_large size-medium_large\" alt=\"\" srcset=\"https:\/\/miseajour-eclairages.fr\/wp-content\/uploads\/2023\/11\/image-479x320-5.jpg 479w, https:\/\/miseajour-eclairages.fr\/wp-content\/uploads\/2023\/11\/image-479x320-5-300x200.jpg 300w\" sizes=\"(max-width: 479px) 100vw, 479px\" \/><\/a>\n\t\t\t<\/div><\/figure><figure class='gallery-item'>\n\t\t\t<div class='gallery-icon landscape'>\n\t\t\t\t<a data-elementor-open-lightbox=\"yes\" data-elementor-lightbox-slideshow=\"75c9ae1\" data-elementor-lightbox-title=\"image-479x320 (4)\" data-e-action-hash=\"#elementor-action%3Aaction%3Dlightbox%26settings%3DeyJpZCI6MzY0MCwidXJsIjoiaHR0cHM6XC9cL21pc2Vham91ci1lY2xhaXJhZ2VzLmZyXC93cC1jb250ZW50XC91cGxvYWRzXC8yMDIzXC8xMVwvaW1hZ2UtNDc5eDMyMC00LmpwZyIsInNsaWRlc2hvdyI6Ijc1YzlhZTEifQ%3D%3D\" href='https:\/\/miseajour-eclairages.fr\/wp-content\/uploads\/2023\/11\/image-479x320-4.jpg'><img loading=\"lazy\" decoding=\"async\" width=\"479\" height=\"320\" src=\"https:\/\/miseajour-eclairages.fr\/wp-content\/uploads\/2023\/11\/image-479x320-4.jpg\" class=\"attachment-medium_large size-medium_large\" alt=\"\" srcset=\"https:\/\/miseajour-eclairages.fr\/wp-content\/uploads\/2023\/11\/image-479x320-4.jpg 479w, https:\/\/miseajour-eclairages.fr\/wp-content\/uploads\/2023\/11\/image-479x320-4-300x200.jpg 300w\" sizes=\"(max-width: 479px) 100vw, 479px\" \/><\/a>\n\t\t\t<\/div><\/figure><figure class='gallery-item'>\n\t\t\t<div class='gallery-icon portrait'>\n\t\t\t\t<a data-elementor-open-lightbox=\"yes\" data-elementor-lightbox-slideshow=\"75c9ae1\" data-elementor-lightbox-title=\"image-320x479 (2)\" data-e-action-hash=\"#elementor-action%3Aaction%3Dlightbox%26settings%3DeyJpZCI6MzY0MSwidXJsIjoiaHR0cHM6XC9cL21pc2Vham91ci1lY2xhaXJhZ2VzLmZyXC93cC1jb250ZW50XC91cGxvYWRzXC8yMDIzXC8xMVwvaW1hZ2UtMzIweDQ3OS0yLmpwZyIsInNsaWRlc2hvdyI6Ijc1YzlhZTEifQ%3D%3D\" href='https:\/\/miseajour-eclairages.fr\/wp-content\/uploads\/2023\/11\/image-320x479-2.jpg'><img loading=\"lazy\" decoding=\"async\" width=\"320\" height=\"479\" src=\"https:\/\/miseajour-eclairages.fr\/wp-content\/uploads\/2023\/11\/image-320x479-2.jpg\" class=\"attachment-medium_large size-medium_large\" alt=\"\" srcset=\"https:\/\/miseajour-eclairages.fr\/wp-content\/uploads\/2023\/11\/image-320x479-2.jpg 320w, https:\/\/miseajour-eclairages.fr\/wp-content\/uploads\/2023\/11\/image-320x479-2-200x300.jpg 200w\" sizes=\"(max-width: 320px) 100vw, 320px\" \/><\/a>\n\t\t\t<\/div><\/figure><figure class='gallery-item'>\n\t\t\t<div class='gallery-icon landscape'>\n\t\t\t\t<a data-elementor-open-lightbox=\"yes\" data-elementor-lightbox-slideshow=\"75c9ae1\" data-elementor-lightbox-title=\"image-479x320 (3)\" data-e-action-hash=\"#elementor-action%3Aaction%3Dlightbox%26settings%3DeyJpZCI6MzY0MiwidXJsIjoiaHR0cHM6XC9cL21pc2Vham91ci1lY2xhaXJhZ2VzLmZyXC93cC1jb250ZW50XC91cGxvYWRzXC8yMDIzXC8xMVwvaW1hZ2UtNDc5eDMyMC0zLmpwZyIsInNsaWRlc2hvdyI6Ijc1YzlhZTEifQ%3D%3D\" href='https:\/\/miseajour-eclairages.fr\/wp-content\/uploads\/2023\/11\/image-479x320-3.jpg'><img loading=\"lazy\" decoding=\"async\" width=\"479\" height=\"320\" src=\"https:\/\/miseajour-eclairages.fr\/wp-content\/uploads\/2023\/11\/image-479x320-3.jpg\" class=\"attachment-medium_large size-medium_large\" alt=\"\" srcset=\"https:\/\/miseajour-eclairages.fr\/wp-content\/uploads\/2023\/11\/image-479x320-3.jpg 479w, https:\/\/miseajour-eclairages.fr\/wp-content\/uploads\/2023\/11\/image-479x320-3-300x200.jpg 300w\" sizes=\"(max-width: 479px) 100vw, 479px\" \/><\/a>\n\t\t\t<\/div><\/figure><figure class='gallery-item'>\n\t\t\t<div class='gallery-icon portrait'>\n\t\t\t\t<a data-elementor-open-lightbox=\"yes\" data-elementor-lightbox-slideshow=\"75c9ae1\" data-elementor-lightbox-title=\"image-320x479 (1)\" data-e-action-hash=\"#elementor-action%3Aaction%3Dlightbox%26settings%3DeyJpZCI6MzY0MywidXJsIjoiaHR0cHM6XC9cL21pc2Vham91ci1lY2xhaXJhZ2VzLmZyXC93cC1jb250ZW50XC91cGxvYWRzXC8yMDIzXC8xMVwvaW1hZ2UtMzIweDQ3OS0xLmpwZyIsInNsaWRlc2hvdyI6Ijc1YzlhZTEifQ%3D%3D\" href='https:\/\/miseajour-eclairages.fr\/wp-content\/uploads\/2023\/11\/image-320x479-1.jpg'><img loading=\"lazy\" decoding=\"async\" width=\"320\" height=\"479\" src=\"https:\/\/miseajour-eclairages.fr\/wp-content\/uploads\/2023\/11\/image-320x479-1.jpg\" class=\"attachment-medium_large size-medium_large\" alt=\"\" srcset=\"https:\/\/miseajour-eclairages.fr\/wp-content\/uploads\/2023\/11\/image-320x479-1.jpg 320w, https:\/\/miseajour-eclairages.fr\/wp-content\/uploads\/2023\/11\/image-320x479-1-200x300.jpg 200w\" sizes=\"(max-width: 320px) 100vw, 320px\" \/><\/a>\n\t\t\t<\/div><\/figure><figure class='gallery-item'>\n\t\t\t<div class='gallery-icon landscape'>\n\t\t\t\t<a data-elementor-open-lightbox=\"yes\" data-elementor-lightbox-slideshow=\"75c9ae1\" data-elementor-lightbox-title=\"image-479x320 (2)\" data-e-action-hash=\"#elementor-action%3Aaction%3Dlightbox%26settings%3DeyJpZCI6MzY0NCwidXJsIjoiaHR0cHM6XC9cL21pc2Vham91ci1lY2xhaXJhZ2VzLmZyXC93cC1jb250ZW50XC91cGxvYWRzXC8yMDIzXC8xMVwvaW1hZ2UtNDc5eDMyMC0yLmpwZyIsInNsaWRlc2hvdyI6Ijc1YzlhZTEifQ%3D%3D\" href='https:\/\/miseajour-eclairages.fr\/wp-content\/uploads\/2023\/11\/image-479x320-2.jpg'><img loading=\"lazy\" decoding=\"async\" width=\"479\" height=\"320\" src=\"https:\/\/miseajour-eclairages.fr\/wp-content\/uploads\/2023\/11\/image-479x320-2.jpg\" class=\"attachment-medium_large size-medium_large\" alt=\"\" srcset=\"https:\/\/miseajour-eclairages.fr\/wp-content\/uploads\/2023\/11\/image-479x320-2.jpg 479w, https:\/\/miseajour-eclairages.fr\/wp-content\/uploads\/2023\/11\/image-479x320-2-300x200.jpg 300w\" sizes=\"(max-width: 479px) 100vw, 479px\" \/><\/a>\n\t\t\t<\/div><\/figure><figure class='gallery-item'>\n\t\t\t<div class='gallery-icon landscape'>\n\t\t\t\t<a data-elementor-open-lightbox=\"yes\" data-elementor-lightbox-slideshow=\"75c9ae1\" data-elementor-lightbox-title=\"image-479x320 (1)\" data-e-action-hash=\"#elementor-action%3Aaction%3Dlightbox%26settings%3DeyJpZCI6MzY0NSwidXJsIjoiaHR0cHM6XC9cL21pc2Vham91ci1lY2xhaXJhZ2VzLmZyXC93cC1jb250ZW50XC91cGxvYWRzXC8yMDIzXC8xMVwvaW1hZ2UtNDc5eDMyMC0xLmpwZyIsInNsaWRlc2hvdyI6Ijc1YzlhZTEifQ%3D%3D\" href='https:\/\/miseajour-eclairages.fr\/wp-content\/uploads\/2023\/11\/image-479x320-1.jpg'><img loading=\"lazy\" decoding=\"async\" width=\"479\" height=\"320\" src=\"https:\/\/miseajour-eclairages.fr\/wp-content\/uploads\/2023\/11\/image-479x320-1.jpg\" class=\"attachment-medium_large size-medium_large\" alt=\"\" srcset=\"https:\/\/miseajour-eclairages.fr\/wp-content\/uploads\/2023\/11\/image-479x320-1.jpg 479w, https:\/\/miseajour-eclairages.fr\/wp-content\/uploads\/2023\/11\/image-479x320-1-300x200.jpg 300w\" sizes=\"(max-width: 479px) 100vw, 479px\" \/><\/a>\n\t\t\t<\/div><\/figure><figure class='gallery-item'>\n\t\t\t<div class='gallery-icon portrait'>\n\t\t\t\t<a data-elementor-open-lightbox=\"yes\" data-elementor-lightbox-slideshow=\"75c9ae1\" data-elementor-lightbox-title=\"image-320x479\" data-e-action-hash=\"#elementor-action%3Aaction%3Dlightbox%26settings%3DeyJpZCI6MzY0NiwidXJsIjoiaHR0cHM6XC9cL21pc2Vham91ci1lY2xhaXJhZ2VzLmZyXC93cC1jb250ZW50XC91cGxvYWRzXC8yMDIzXC8xMVwvaW1hZ2UtMzIweDQ3OS00LmpwZyIsInNsaWRlc2hvdyI6Ijc1YzlhZTEifQ%3D%3D\" href='https:\/\/miseajour-eclairages.fr\/wp-content\/uploads\/2023\/11\/image-320x479-4.jpg'><img loading=\"lazy\" decoding=\"async\" width=\"320\" height=\"479\" src=\"https:\/\/miseajour-eclairages.fr\/wp-content\/uploads\/2023\/11\/image-320x479-4.jpg\" class=\"attachment-medium_large size-medium_large\" alt=\"\" srcset=\"https:\/\/miseajour-eclairages.fr\/wp-content\/uploads\/2023\/11\/image-320x479-4.jpg 320w, https:\/\/miseajour-eclairages.fr\/wp-content\/uploads\/2023\/11\/image-320x479-4-200x300.jpg 200w\" sizes=\"(max-width: 320px) 100vw, 320px\" \/><\/a>\n\t\t\t<\/div><\/figure><figure class='gallery-item'>\n\t\t\t<div class='gallery-icon landscape'>\n\t\t\t\t<a data-elementor-open-lightbox=\"yes\" data-elementor-lightbox-slideshow=\"75c9ae1\" data-elementor-lightbox-title=\"image-479x320\" data-e-action-hash=\"#elementor-action%3Aaction%3Dlightbox%26settings%3DeyJpZCI6MzY0NywidXJsIjoiaHR0cHM6XC9cL21pc2Vham91ci1lY2xhaXJhZ2VzLmZyXC93cC1jb250ZW50XC91cGxvYWRzXC8yMDIzXC8xMVwvaW1hZ2UtNDc5eDMyMC03LmpwZyIsInNsaWRlc2hvdyI6Ijc1YzlhZTEifQ%3D%3D\" href='https:\/\/miseajour-eclairages.fr\/wp-content\/uploads\/2023\/11\/image-479x320-7.jpg'><img loading=\"lazy\" decoding=\"async\" width=\"479\" height=\"320\" src=\"https:\/\/miseajour-eclairages.fr\/wp-content\/uploads\/2023\/11\/image-479x320-7.jpg\" class=\"attachment-medium_large size-medium_large\" alt=\"\" srcset=\"https:\/\/miseajour-eclairages.fr\/wp-content\/uploads\/2023\/11\/image-479x320-7.jpg 479w, https:\/\/miseajour-eclairages.fr\/wp-content\/uploads\/2023\/11\/image-479x320-7-300x200.jpg 300w\" sizes=\"(max-width: 479px) 100vw, 479px\" \/><\/a>\n\t\t\t<\/div><\/figure>\n\t\t<\/div>\n\t\t<\/div>\n\t\t\t\t\t\t<\/div>\n\t\t\t\t<\/div>\n\t\t\t\t\t<\/div>\n\t\t\t\t<\/div>\n\t\t<div class=\"elementor-element elementor-element-6659258 e-flex e-con-boxed e-con e-parent\" data-id=\"6659258\" data-element_type=\"container\" data-e-type=\"container\">\n\t\t\t\t\t<div class=\"e-con-inner\">\n\t\t\t\t<div class=\"elementor-element elementor-element-b49a48a elementor-pagination-type-bullets elementor-arrows-position-inside elementor-pagination-position-outside elementor-widget elementor-widget-loop-carousel\" data-id=\"b49a48a\" data-element_type=\"widget\" data-e-type=\"widget\" data-settings=\"{&quot;template_id&quot;:4154,&quot;_skin&quot;:&quot;post&quot;,&quot;slides_to_show&quot;:&quot;3&quot;,&quot;slides_to_show_tablet&quot;:&quot;2&quot;,&quot;slides_to_show_mobile&quot;:&quot;1&quot;,&quot;slides_to_scroll&quot;:&quot;1&quot;,&quot;edit_handle_selector&quot;:&quot;.elementor-widget-container&quot;,&quot;autoplay&quot;:&quot;yes&quot;,&quot;autoplay_speed&quot;:5000,&quot;pause_on_hover&quot;:&quot;yes&quot;,&quot;pause_on_interaction&quot;:&quot;yes&quot;,&quot;infinite&quot;:&quot;yes&quot;,&quot;speed&quot;:500,&quot;offset_sides&quot;:&quot;none&quot;,&quot;arrows&quot;:&quot;yes&quot;,&quot;pagination&quot;:&quot;bullets&quot;,&quot;image_spacing_custom&quot;:{&quot;unit&quot;:&quot;px&quot;,&quot;size&quot;:10,&quot;sizes&quot;:[]},&quot;image_spacing_custom_tablet&quot;:{&quot;unit&quot;:&quot;px&quot;,&quot;size&quot;:&quot;&quot;,&quot;sizes&quot;:[]},&quot;image_spacing_custom_mobile&quot;:{&quot;unit&quot;:&quot;px&quot;,&quot;size&quot;:&quot;&quot;,&quot;sizes&quot;:[]}}\" data-widget_type=\"loop-carousel.post\">\n\t\t\t\t<div class=\"elementor-widget-container\">\n\t\t\t\t\t\t\t<div class=\"swiper-container elementor-loop-container elementor-grid\" dir=\"ltr\">\n\t\t\t\t<div class=\"swiper-wrapper\" aria-live=\"off\">\n\t\t<style id=\"loop-4154\">.elementor-4154 .elementor-element.elementor-element-3a3161b{--display:grid;--e-con-grid-template-columns:repeat(3, 1fr);--e-con-grid-template-rows:repeat(1, 1fr);--grid-auto-flow:row;}@media(max-width:1024px){.elementor-4154 .elementor-element.elementor-element-3a3161b{--grid-auto-flow:row;}}@media(max-width:767px){.elementor-4154 .elementor-element.elementor-element-3a3161b{--e-con-grid-template-columns:repeat(1, 1fr);--e-con-grid-template-rows:repeat(1, 1fr);--grid-auto-flow:row;}}<\/style>\t\t<div data-elementor-type=\"loop-item\" data-elementor-id=\"4154\" class=\"elementor elementor-4154 swiper-slide e-loop-item e-loop-item-1 post-1 post type-post status-publish format-standard hentry category-non-classe\" data-elementor-post-type=\"elementor_library\" role=\"group\" aria-roledescription=\"slide\" data-custom-edit-handle=\"1\">\n\t\t\t\t\t<div class=\"elementor-section-wrap\">\n\t\t\t\t\t\t<div class=\"elementor-element elementor-element-3a3161b e-grid e-con-boxed e-con e-parent\" data-id=\"3a3161b\" data-element_type=\"container\" data-e-type=\"container\">\n\t\t\t\t\t<div class=\"e-con-inner\">\n\t\t\t\t\t<\/div>\n\t\t\t\t<\/div>\n\t\t\t\t\t\t\t<\/div>\n\t\t\t\t<\/div>\n\t\t\t\t<div data-elementor-type=\"loop-item\" data-elementor-id=\"4154\" class=\"elementor elementor-4154 swiper-slide e-loop-item e-loop-item-757 post-757 post type-post status-publish format-standard has-post-thumbnail hentry category-home-financing category-home-selling tag-commercial tag-esidential tag-industrial tag-raw-land\" data-elementor-post-type=\"elementor_library\" role=\"group\" aria-roledescription=\"slide\" data-custom-edit-handle=\"1\">\n\t\t\t\t\t<div class=\"elementor-section-wrap\">\n\t\t\t\t\t\t<div class=\"elementor-element elementor-element-3a3161b e-grid e-con-boxed e-con e-parent\" data-id=\"3a3161b\" data-element_type=\"container\" data-e-type=\"container\">\n\t\t\t\t\t<div class=\"e-con-inner\">\n\t\t\t\t\t<\/div>\n\t\t\t\t<\/div>\n\t\t\t\t\t\t\t<\/div>\n\t\t\t\t<\/div>\n\t\t\t\t<div data-elementor-type=\"loop-item\" data-elementor-id=\"4154\" class=\"elementor elementor-4154 swiper-slide e-loop-item e-loop-item-756 post-756 post type-post status-publish format-standard has-post-thumbnail hentry category-real-estate-market-trends tag-commercial tag-esidential tag-industrial tag-raw-land\" data-elementor-post-type=\"elementor_library\" role=\"group\" aria-roledescription=\"slide\" data-custom-edit-handle=\"1\">\n\t\t\t\t\t<div class=\"elementor-section-wrap\">\n\t\t\t\t\t\t<div class=\"elementor-element elementor-element-3a3161b e-grid e-con-boxed e-con e-parent\" data-id=\"3a3161b\" data-element_type=\"container\" data-e-type=\"container\">\n\t\t\t\t\t<div class=\"e-con-inner\">\n\t\t\t\t\t<\/div>\n\t\t\t\t<\/div>\n\t\t\t\t\t\t\t<\/div>\n\t\t\t\t<\/div>\n\t\t\t\t<div data-elementor-type=\"loop-item\" data-elementor-id=\"4154\" class=\"elementor elementor-4154 swiper-slide e-loop-item e-loop-item-745 post-745 post type-post status-publish format-standard has-post-thumbnail hentry category-home-buying category-real-estate-market-trends tag-commercial tag-esidential tag-industrial tag-raw-land\" data-elementor-post-type=\"elementor_library\" role=\"group\" aria-roledescription=\"slide\" data-custom-edit-handle=\"1\">\n\t\t\t\t\t<div class=\"elementor-section-wrap\">\n\t\t\t\t\t\t<div class=\"elementor-element elementor-element-3a3161b e-grid e-con-boxed e-con e-parent\" data-id=\"3a3161b\" data-element_type=\"container\" data-e-type=\"container\">\n\t\t\t\t\t<div class=\"e-con-inner\">\n\t\t\t\t\t<\/div>\n\t\t\t\t<\/div>\n\t\t\t\t\t\t\t<\/div>\n\t\t\t\t<\/div>\n\t\t\t\t<div data-elementor-type=\"loop-item\" data-elementor-id=\"4154\" class=\"elementor elementor-4154 swiper-slide e-loop-item e-loop-item-744 post-744 post type-post status-publish format-standard has-post-thumbnail hentry category-home-selling tag-commercial tag-esidential tag-industrial tag-raw-land\" data-elementor-post-type=\"elementor_library\" role=\"group\" aria-roledescription=\"slide\" data-custom-edit-handle=\"1\">\n\t\t\t\t\t<div class=\"elementor-section-wrap\">\n\t\t\t\t\t\t<div class=\"elementor-element elementor-element-3a3161b e-grid e-con-boxed e-con e-parent\" data-id=\"3a3161b\" data-element_type=\"container\" data-e-type=\"container\">\n\t\t\t\t\t<div class=\"e-con-inner\">\n\t\t\t\t\t<\/div>\n\t\t\t\t<\/div>\n\t\t\t\t\t\t\t<\/div>\n\t\t\t\t<\/div>\n\t\t\t\t<div data-elementor-type=\"loop-item\" data-elementor-id=\"4154\" class=\"elementor elementor-4154 swiper-slide e-loop-item e-loop-item-743 post-743 post type-post status-publish format-standard has-post-thumbnail hentry category-home-financing category-home-selling tag-commercial tag-esidential tag-industrial tag-raw-land\" data-elementor-post-type=\"elementor_library\" role=\"group\" aria-roledescription=\"slide\" data-custom-edit-handle=\"1\">\n\t\t\t\t\t<div class=\"elementor-section-wrap\">\n\t\t\t\t\t\t<div class=\"elementor-element elementor-element-3a3161b e-grid e-con-boxed e-con e-parent\" data-id=\"3a3161b\" data-element_type=\"container\" data-e-type=\"container\">\n\t\t\t\t\t<div class=\"e-con-inner\">\n\t\t\t\t\t<\/div>\n\t\t\t\t<\/div>\n\t\t\t\t\t\t\t<\/div>\n\t\t\t\t<\/div>\n\t\t\t\t<\/div>\n\t\t<\/div>\n\t\t\t\t\t\t\t<div class=\"elementor-swiper-button elementor-swiper-button-prev\" role=\"button\" tabindex=\"0\">\n\t\t\t\t<i aria-hidden=\"true\" class=\"eicon-chevron-left\"><\/i>\t\t\t<\/div>\n\t\t\t<div class=\"elementor-swiper-button elementor-swiper-button-next\" role=\"button\" tabindex=\"0\">\n\t\t\t\t<i aria-hidden=\"true\" class=\"eicon-chevron-right\"><\/i>\t\t\t<\/div>\n\t\t\t\t\t<div class=\"swiper-pagination\"><\/div>\n\t\t\t\t\t\t<\/div>\n\t\t\t\t<\/div>\n\t\t\t\t\t<\/div>\n\t\t\t\t<\/div>\n\t\t\t\t<\/div>\n\t\t","protected":false},"excerpt":{"rendered":"<p>Nos Projets Sur cette page d\u00e9di\u00e9e aux projets de notre entreprise, vous trouverez un aper\u00e7u complet de nos initiatives, r\u00e9alisations et travaux en cours. Explorez nos projets pour en apprendre&#8230;<\/p>\n","protected":false},"author":1,"featured_media":0,"parent":0,"menu_order":0,"comment_status":"closed","ping_status":"closed","template":"","meta":{"_kadence_starter_templates_imported_post":false,"_kad_post_transparent":"","_kad_post_title":"hide","_kad_post_layout":"fullwidth","_kad_post_sidebar_id":"","_kad_post_content_style":"unboxed","_kad_post_vertical_padding":"hide","_kad_post_feature":"hide","_kad_post_feature_position":"","_kad_post_header":false,"_kad_post_footer":false,"_kad_post_classname":"","footnotes":""},"class_list":["post-3635","page","type-page","status-publish","hentry"],"_links":{"self":[{"href":"https:\/\/miseajour-eclairages.fr\/index.php\/wp-json\/wp\/v2\/pages\/3635","targetHints":{"allow":["GET"]}}],"collection":[{"href":"https:\/\/miseajour-eclairages.fr\/index.php\/wp-json\/wp\/v2\/pages"}],"about":[{"href":"https:\/\/miseajour-eclairages.fr\/index.php\/wp-json\/wp\/v2\/types\/page"}],"author":[{"embeddable":true,"href":"https:\/\/miseajour-eclairages.fr\/index.php\/wp-json\/wp\/v2\/users\/1"}],"replies":[{"embeddable":true,"href":"https:\/\/miseajour-eclairages.fr\/index.php\/wp-json\/wp\/v2\/comments?post=3635"}],"version-history":[{"count":31,"href":"https:\/\/miseajour-eclairages.fr\/index.php\/wp-json\/wp\/v2\/pages\/3635\/revisions"}],"predecessor-version":[{"id":4159,"href":"https:\/\/miseajour-eclairages.fr\/index.php\/wp-json\/wp\/v2\/pages\/3635\/revisions\/4159"}],"wp:attachment":[{"href":"https:\/\/miseajour-eclairages.fr\/index.php\/wp-json\/wp\/v2\/media?parent=3635"}],"curies":[{"name":"wp","href":"https:\/\/api.w.org\/{rel}","templated":true}]}}