{"id":3684,"date":"2023-11-30T00:33:18","date_gmt":"2023-11-29T23:33:18","guid":{"rendered":"http:\/\/localhost\/wordpress\/?page_id=3684"},"modified":"2023-12-12T19:19:05","modified_gmt":"2023-12-12T18:19:05","slug":"tourgeville","status":"publish","type":"page","link":"https:\/\/miseajour-eclairages.fr\/index.php\/tourgeville\/","title":{"rendered":"Tourg\u00e9ville"},"content":{"rendered":"\t\t<div data-elementor-type=\"wp-page\" data-elementor-id=\"3684\" class=\"elementor elementor-3684\" data-elementor-post-type=\"page\">\n\t\t\t\t\t\t<section class=\"elementor-section elementor-top-section elementor-element elementor-element-afb6935 elementor-section-height-min-height elementor-section-items-bottom elementor-section-boxed elementor-section-height-default\" data-id=\"afb6935\" data-element_type=\"section\" data-e-type=\"section\" data-settings=\"{&quot;background_background&quot;:&quot;classic&quot;}\">\n\t\t\t\t\t\t\t<div class=\"elementor-background-overlay\"><\/div>\n\t\t\t\t\t\t\t<div class=\"elementor-container elementor-column-gap-default\">\n\t\t\t\t\t<div class=\"elementor-column elementor-col-50 elementor-top-column elementor-element elementor-element-806e91a\" data-id=\"806e91a\" data-element_type=\"column\" data-e-type=\"column\">\n\t\t\t<div class=\"elementor-widget-wrap elementor-element-populated\">\n\t\t\t\t\t\t<div class=\"elementor-element elementor-element-da274be elementor-invisible elementor-widget elementor-widget-heading\" data-id=\"da274be\" data-element_type=\"widget\" data-e-type=\"widget\" data-settings=\"{&quot;_animation&quot;:&quot;fadeIn&quot;}\" data-widget_type=\"heading.default\">\n\t\t\t\t<div class=\"elementor-widget-container\">\n\t\t\t\t\t<h1 class=\"elementor-heading-title elementor-size-default\">Nos Projets<\/h1>\t\t\t\t<\/div>\n\t\t\t\t<\/div>\n\t\t\t\t<div class=\"elementor-element elementor-element-d018311 elementor-invisible elementor-widget elementor-widget-text-editor\" data-id=\"d018311\" data-element_type=\"widget\" data-e-type=\"widget\" data-settings=\"{&quot;_animation&quot;:&quot;fadeIn&quot;}\" data-widget_type=\"text-editor.default\">\n\t\t\t\t<div class=\"elementor-widget-container\">\n\t\t\t\t\t\t\t\t\t<p>Sur cette page d\u00e9di\u00e9e aux projets de notre entreprise, vous trouverez un aper\u00e7u complet de nos initiatives, r\u00e9alisations et travaux en cours. Explorez nos projets pour en apprendre davantage sur nos activit\u00e9s, nos r\u00e9ussites et notre engagement envers l&rsquo;innovation et la croissance. D\u00e9couvrez comment nous faisons avancer notre entreprise gr\u00e2ce \u00e0 des descriptions d\u00e9taill\u00e9es, des images, et des informations pertinentes sur chaque projet.<\/p>\t\t\t\t\t\t\t\t<\/div>\n\t\t\t\t<\/div>\n\t\t\t\t<div class=\"elementor-element elementor-element-24df145 elementor-hidden-phone elementor-widget elementor-widget-spacer\" data-id=\"24df145\" data-element_type=\"widget\" data-e-type=\"widget\" data-widget_type=\"spacer.default\">\n\t\t\t\t<div class=\"elementor-widget-container\">\n\t\t\t\t\t\t\t<div class=\"elementor-spacer\">\n\t\t\t<div class=\"elementor-spacer-inner\"><\/div>\n\t\t<\/div>\n\t\t\t\t\t\t<\/div>\n\t\t\t\t<\/div>\n\t\t\t\t\t<\/div>\n\t\t<\/div>\n\t\t\t\t<div class=\"elementor-column elementor-col-50 elementor-top-column elementor-element elementor-element-bf8f189\" data-id=\"bf8f189\" data-element_type=\"column\" data-e-type=\"column\">\n\t\t\t<div class=\"elementor-widget-wrap\">\n\t\t\t\t\t\t\t<\/div>\n\t\t<\/div>\n\t\t\t\t\t<\/div>\n\t\t<\/section>\n\t\t<div class=\"elementor-element elementor-element-b356de6 e-flex e-con-boxed e-con e-parent\" data-id=\"b356de6\" data-element_type=\"container\" data-e-type=\"container\">\n\t\t\t\t\t<div class=\"e-con-inner\">\n\t\t\t\t<div class=\"elementor-element elementor-element-142a353 elementor-widget elementor-widget-heading\" data-id=\"142a353\" data-element_type=\"widget\" data-e-type=\"widget\" data-widget_type=\"heading.default\">\n\t\t\t\t<div class=\"elementor-widget-container\">\n\t\t\t\t\t<h2 class=\"elementor-heading-title elementor-size-default\">Tourg\u00e9ville<\/h2>\t\t\t\t<\/div>\n\t\t\t\t<\/div>\n\t\t\t\t\t<\/div>\n\t\t\t\t<\/div>\n\t\t<div class=\"elementor-element elementor-element-6a5da4a e-flex e-con-boxed e-con e-parent\" data-id=\"6a5da4a\" data-element_type=\"container\" data-e-type=\"container\">\n\t\t\t\t\t<div class=\"e-con-inner\">\n\t\t\t\t<div class=\"elementor-element elementor-element-edfa17a elementor-widget elementor-widget-heading\" data-id=\"edfa17a\" data-element_type=\"widget\" data-e-type=\"widget\" data-widget_type=\"heading.default\">\n\t\t\t\t<div class=\"elementor-widget-container\">\n\t\t\t\t\t<h6 class=\"elementor-heading-title elementor-size-default\">\u00a9\ufe0fPhotographie Victor Grandgeorge\u200b<\/h6>\t\t\t\t<\/div>\n\t\t\t\t<\/div>\n\t\t\t\t\t<\/div>\n\t\t\t\t<\/div>\n\t\t<div class=\"elementor-element elementor-element-6030bd0 e-flex e-con-boxed e-con e-parent\" data-id=\"6030bd0\" data-element_type=\"container\" data-e-type=\"container\">\n\t\t\t\t\t<div class=\"e-con-inner\">\n\t\t\t\t<div class=\"elementor-element elementor-element-5398a58 gallery-spacing-custom elementor-widget elementor-widget-image-gallery\" data-id=\"5398a58\" data-element_type=\"widget\" data-e-type=\"widget\" data-widget_type=\"image-gallery.default\">\n\t\t\t\t<div class=\"elementor-widget-container\">\n\t\t\t\t\t\t\t<div class=\"elementor-image-gallery\">\n\t\t\t<div id='gallery-1' class='gallery galleryid-3684 gallery-columns-3 gallery-size-medium_large'><figure class='gallery-item'>\n\t\t\t<div class='gallery-icon landscape'>\n\t\t\t\t<a data-elementor-open-lightbox=\"yes\" data-elementor-lightbox-slideshow=\"5398a58\" data-elementor-lightbox-title=\"image-479x320 (18)\" data-e-action-hash=\"#elementor-action%3Aaction%3Dlightbox%26settings%3DeyJpZCI6MzY5MiwidXJsIjoiaHR0cHM6XC9cL21pc2Vham91ci1lY2xhaXJhZ2VzLmZyXC93cC1jb250ZW50XC91cGxvYWRzXC8yMDIzXC8xMVwvaW1hZ2UtNDc5eDMyMC0xOC5qcGciLCJzbGlkZXNob3ciOiI1Mzk4YTU4In0%3D\" href='https:\/\/miseajour-eclairages.fr\/wp-content\/uploads\/2023\/11\/image-479x320-18.jpg'><img fetchpriority=\"high\" decoding=\"async\" width=\"479\" height=\"320\" src=\"https:\/\/miseajour-eclairages.fr\/wp-content\/uploads\/2023\/11\/image-479x320-18.jpg\" class=\"attachment-medium_large size-medium_large\" alt=\"\" srcset=\"https:\/\/miseajour-eclairages.fr\/wp-content\/uploads\/2023\/11\/image-479x320-18.jpg 479w, https:\/\/miseajour-eclairages.fr\/wp-content\/uploads\/2023\/11\/image-479x320-18-300x200.jpg 300w\" sizes=\"(max-width: 479px) 100vw, 479px\" \/><\/a>\n\t\t\t<\/div><\/figure><figure class='gallery-item'>\n\t\t\t<div class='gallery-icon landscape'>\n\t\t\t\t<a data-elementor-open-lightbox=\"yes\" data-elementor-lightbox-slideshow=\"5398a58\" data-elementor-lightbox-title=\"image-479x320 (17)\" data-e-action-hash=\"#elementor-action%3Aaction%3Dlightbox%26settings%3DeyJpZCI6MzY5MywidXJsIjoiaHR0cHM6XC9cL21pc2Vham91ci1lY2xhaXJhZ2VzLmZyXC93cC1jb250ZW50XC91cGxvYWRzXC8yMDIzXC8xMVwvaW1hZ2UtNDc5eDMyMC0xNy5qcGciLCJzbGlkZXNob3ciOiI1Mzk4YTU4In0%3D\" href='https:\/\/miseajour-eclairages.fr\/wp-content\/uploads\/2023\/11\/image-479x320-17.jpg'><img decoding=\"async\" width=\"479\" height=\"320\" src=\"https:\/\/miseajour-eclairages.fr\/wp-content\/uploads\/2023\/11\/image-479x320-17.jpg\" class=\"attachment-medium_large size-medium_large\" alt=\"\" srcset=\"https:\/\/miseajour-eclairages.fr\/wp-content\/uploads\/2023\/11\/image-479x320-17.jpg 479w, https:\/\/miseajour-eclairages.fr\/wp-content\/uploads\/2023\/11\/image-479x320-17-300x200.jpg 300w\" sizes=\"(max-width: 479px) 100vw, 479px\" \/><\/a>\n\t\t\t<\/div><\/figure><figure class='gallery-item'>\n\t\t\t<div class='gallery-icon landscape'>\n\t\t\t\t<a data-elementor-open-lightbox=\"yes\" data-elementor-lightbox-slideshow=\"5398a58\" data-elementor-lightbox-title=\"image-479x320 (16)\" data-e-action-hash=\"#elementor-action%3Aaction%3Dlightbox%26settings%3DeyJpZCI6MzY5NCwidXJsIjoiaHR0cHM6XC9cL21pc2Vham91ci1lY2xhaXJhZ2VzLmZyXC93cC1jb250ZW50XC91cGxvYWRzXC8yMDIzXC8xMVwvaW1hZ2UtNDc5eDMyMC0xNi5qcGciLCJzbGlkZXNob3ciOiI1Mzk4YTU4In0%3D\" href='https:\/\/miseajour-eclairages.fr\/wp-content\/uploads\/2023\/11\/image-479x320-16.jpg'><img decoding=\"async\" width=\"479\" height=\"320\" src=\"https:\/\/miseajour-eclairages.fr\/wp-content\/uploads\/2023\/11\/image-479x320-16.jpg\" class=\"attachment-medium_large size-medium_large\" alt=\"\" srcset=\"https:\/\/miseajour-eclairages.fr\/wp-content\/uploads\/2023\/11\/image-479x320-16.jpg 479w, https:\/\/miseajour-eclairages.fr\/wp-content\/uploads\/2023\/11\/image-479x320-16-300x200.jpg 300w\" sizes=\"(max-width: 479px) 100vw, 479px\" \/><\/a>\n\t\t\t<\/div><\/figure><figure class='gallery-item'>\n\t\t\t<div class='gallery-icon landscape'>\n\t\t\t\t<a data-elementor-open-lightbox=\"yes\" data-elementor-lightbox-slideshow=\"5398a58\" data-elementor-lightbox-title=\"image-479x320 (15)\" data-e-action-hash=\"#elementor-action%3Aaction%3Dlightbox%26settings%3DeyJpZCI6MzY5NSwidXJsIjoiaHR0cHM6XC9cL21pc2Vham91ci1lY2xhaXJhZ2VzLmZyXC93cC1jb250ZW50XC91cGxvYWRzXC8yMDIzXC8xMVwvaW1hZ2UtNDc5eDMyMC0xNS5qcGciLCJzbGlkZXNob3ciOiI1Mzk4YTU4In0%3D\" href='https:\/\/miseajour-eclairages.fr\/wp-content\/uploads\/2023\/11\/image-479x320-15.jpg'><img loading=\"lazy\" decoding=\"async\" width=\"479\" height=\"320\" src=\"https:\/\/miseajour-eclairages.fr\/wp-content\/uploads\/2023\/11\/image-479x320-15.jpg\" class=\"attachment-medium_large size-medium_large\" alt=\"\" srcset=\"https:\/\/miseajour-eclairages.fr\/wp-content\/uploads\/2023\/11\/image-479x320-15.jpg 479w, https:\/\/miseajour-eclairages.fr\/wp-content\/uploads\/2023\/11\/image-479x320-15-300x200.jpg 300w\" sizes=\"(max-width: 479px) 100vw, 479px\" \/><\/a>\n\t\t\t<\/div><\/figure><figure class='gallery-item'>\n\t\t\t<div class='gallery-icon landscape'>\n\t\t\t\t<a data-elementor-open-lightbox=\"yes\" data-elementor-lightbox-slideshow=\"5398a58\" data-elementor-lightbox-title=\"image-479x320 (14)\" data-e-action-hash=\"#elementor-action%3Aaction%3Dlightbox%26settings%3DeyJpZCI6MzY5NiwidXJsIjoiaHR0cHM6XC9cL21pc2Vham91ci1lY2xhaXJhZ2VzLmZyXC93cC1jb250ZW50XC91cGxvYWRzXC8yMDIzXC8xMVwvaW1hZ2UtNDc5eDMyMC0xNC5qcGciLCJzbGlkZXNob3ciOiI1Mzk4YTU4In0%3D\" href='https:\/\/miseajour-eclairages.fr\/wp-content\/uploads\/2023\/11\/image-479x320-14.jpg'><img loading=\"lazy\" decoding=\"async\" width=\"479\" height=\"320\" src=\"https:\/\/miseajour-eclairages.fr\/wp-content\/uploads\/2023\/11\/image-479x320-14.jpg\" class=\"attachment-medium_large size-medium_large\" alt=\"\" srcset=\"https:\/\/miseajour-eclairages.fr\/wp-content\/uploads\/2023\/11\/image-479x320-14.jpg 479w, https:\/\/miseajour-eclairages.fr\/wp-content\/uploads\/2023\/11\/image-479x320-14-300x200.jpg 300w\" sizes=\"(max-width: 479px) 100vw, 479px\" \/><\/a>\n\t\t\t<\/div><\/figure><figure class='gallery-item'>\n\t\t\t<div class='gallery-icon landscape'>\n\t\t\t\t<a data-elementor-open-lightbox=\"yes\" data-elementor-lightbox-slideshow=\"5398a58\" data-elementor-lightbox-title=\"image-479x320 (13)\" data-e-action-hash=\"#elementor-action%3Aaction%3Dlightbox%26settings%3DeyJpZCI6MzY5NywidXJsIjoiaHR0cHM6XC9cL21pc2Vham91ci1lY2xhaXJhZ2VzLmZyXC93cC1jb250ZW50XC91cGxvYWRzXC8yMDIzXC8xMVwvaW1hZ2UtNDc5eDMyMC0xMy5qcGciLCJzbGlkZXNob3ciOiI1Mzk4YTU4In0%3D\" href='https:\/\/miseajour-eclairages.fr\/wp-content\/uploads\/2023\/11\/image-479x320-13.jpg'><img loading=\"lazy\" decoding=\"async\" width=\"479\" height=\"320\" src=\"https:\/\/miseajour-eclairages.fr\/wp-content\/uploads\/2023\/11\/image-479x320-13.jpg\" class=\"attachment-medium_large size-medium_large\" alt=\"\" srcset=\"https:\/\/miseajour-eclairages.fr\/wp-content\/uploads\/2023\/11\/image-479x320-13.jpg 479w, https:\/\/miseajour-eclairages.fr\/wp-content\/uploads\/2023\/11\/image-479x320-13-300x200.jpg 300w\" sizes=\"(max-width: 479px) 100vw, 479px\" \/><\/a>\n\t\t\t<\/div><\/figure><figure class='gallery-item'>\n\t\t\t<div class='gallery-icon landscape'>\n\t\t\t\t<a data-elementor-open-lightbox=\"yes\" data-elementor-lightbox-slideshow=\"5398a58\" data-elementor-lightbox-title=\"image-479x320 (12)\" data-e-action-hash=\"#elementor-action%3Aaction%3Dlightbox%26settings%3DeyJpZCI6MzY5OCwidXJsIjoiaHR0cHM6XC9cL21pc2Vham91ci1lY2xhaXJhZ2VzLmZyXC93cC1jb250ZW50XC91cGxvYWRzXC8yMDIzXC8xMVwvaW1hZ2UtNDc5eDMyMC0xMi5qcGciLCJzbGlkZXNob3ciOiI1Mzk4YTU4In0%3D\" href='https:\/\/miseajour-eclairages.fr\/wp-content\/uploads\/2023\/11\/image-479x320-12.jpg'><img loading=\"lazy\" decoding=\"async\" width=\"479\" height=\"320\" src=\"https:\/\/miseajour-eclairages.fr\/wp-content\/uploads\/2023\/11\/image-479x320-12.jpg\" class=\"attachment-medium_large size-medium_large\" alt=\"\" srcset=\"https:\/\/miseajour-eclairages.fr\/wp-content\/uploads\/2023\/11\/image-479x320-12.jpg 479w, https:\/\/miseajour-eclairages.fr\/wp-content\/uploads\/2023\/11\/image-479x320-12-300x200.jpg 300w\" sizes=\"(max-width: 479px) 100vw, 479px\" \/><\/a>\n\t\t\t<\/div><\/figure><figure class='gallery-item'>\n\t\t\t<div class='gallery-icon portrait'>\n\t\t\t\t<a data-elementor-open-lightbox=\"yes\" data-elementor-lightbox-slideshow=\"5398a58\" data-elementor-lightbox-title=\"image-320x479 (7)\" data-e-action-hash=\"#elementor-action%3Aaction%3Dlightbox%26settings%3DeyJpZCI6MzY5OSwidXJsIjoiaHR0cHM6XC9cL21pc2Vham91ci1lY2xhaXJhZ2VzLmZyXC93cC1jb250ZW50XC91cGxvYWRzXC8yMDIzXC8xMVwvaW1hZ2UtMzIweDQ3OS03LmpwZyIsInNsaWRlc2hvdyI6IjUzOThhNTgifQ%3D%3D\" href='https:\/\/miseajour-eclairages.fr\/wp-content\/uploads\/2023\/11\/image-320x479-7.jpg'><img loading=\"lazy\" decoding=\"async\" width=\"320\" height=\"479\" src=\"https:\/\/miseajour-eclairages.fr\/wp-content\/uploads\/2023\/11\/image-320x479-7.jpg\" class=\"attachment-medium_large size-medium_large\" alt=\"\" srcset=\"https:\/\/miseajour-eclairages.fr\/wp-content\/uploads\/2023\/11\/image-320x479-7.jpg 320w, https:\/\/miseajour-eclairages.fr\/wp-content\/uploads\/2023\/11\/image-320x479-7-200x300.jpg 200w\" sizes=\"(max-width: 320px) 100vw, 320px\" \/><\/a>\n\t\t\t<\/div><\/figure><figure class='gallery-item'>\n\t\t\t<div class='gallery-icon landscape'>\n\t\t\t\t<a data-elementor-open-lightbox=\"yes\" data-elementor-lightbox-slideshow=\"5398a58\" data-elementor-lightbox-title=\"image-479x320 (11)\" data-e-action-hash=\"#elementor-action%3Aaction%3Dlightbox%26settings%3DeyJpZCI6MzcwMCwidXJsIjoiaHR0cHM6XC9cL21pc2Vham91ci1lY2xhaXJhZ2VzLmZyXC93cC1jb250ZW50XC91cGxvYWRzXC8yMDIzXC8xMVwvaW1hZ2UtNDc5eDMyMC0xMS5qcGciLCJzbGlkZXNob3ciOiI1Mzk4YTU4In0%3D\" href='https:\/\/miseajour-eclairages.fr\/wp-content\/uploads\/2023\/11\/image-479x320-11.jpg'><img loading=\"lazy\" decoding=\"async\" width=\"479\" height=\"320\" src=\"https:\/\/miseajour-eclairages.fr\/wp-content\/uploads\/2023\/11\/image-479x320-11.jpg\" class=\"attachment-medium_large size-medium_large\" alt=\"\" srcset=\"https:\/\/miseajour-eclairages.fr\/wp-content\/uploads\/2023\/11\/image-479x320-11.jpg 479w, https:\/\/miseajour-eclairages.fr\/wp-content\/uploads\/2023\/11\/image-479x320-11-300x200.jpg 300w\" sizes=\"(max-width: 479px) 100vw, 479px\" \/><\/a>\n\t\t\t<\/div><\/figure><figure class='gallery-item'>\n\t\t\t<div class='gallery-icon landscape'>\n\t\t\t\t<a data-elementor-open-lightbox=\"yes\" data-elementor-lightbox-slideshow=\"5398a58\" data-elementor-lightbox-title=\"image-479x320 (10)\" data-e-action-hash=\"#elementor-action%3Aaction%3Dlightbox%26settings%3DeyJpZCI6MzcwMSwidXJsIjoiaHR0cHM6XC9cL21pc2Vham91ci1lY2xhaXJhZ2VzLmZyXC93cC1jb250ZW50XC91cGxvYWRzXC8yMDIzXC8xMVwvaW1hZ2UtNDc5eDMyMC0xMC5qcGciLCJzbGlkZXNob3ciOiI1Mzk4YTU4In0%3D\" href='https:\/\/miseajour-eclairages.fr\/wp-content\/uploads\/2023\/11\/image-479x320-10.jpg'><img loading=\"lazy\" decoding=\"async\" width=\"479\" height=\"320\" src=\"https:\/\/miseajour-eclairages.fr\/wp-content\/uploads\/2023\/11\/image-479x320-10.jpg\" class=\"attachment-medium_large size-medium_large\" alt=\"\" srcset=\"https:\/\/miseajour-eclairages.fr\/wp-content\/uploads\/2023\/11\/image-479x320-10.jpg 479w, https:\/\/miseajour-eclairages.fr\/wp-content\/uploads\/2023\/11\/image-479x320-10-300x200.jpg 300w\" sizes=\"(max-width: 479px) 100vw, 479px\" \/><\/a>\n\t\t\t<\/div><\/figure><figure class='gallery-item'>\n\t\t\t<div class='gallery-icon portrait'>\n\t\t\t\t<a data-elementor-open-lightbox=\"yes\" data-elementor-lightbox-slideshow=\"5398a58\" data-elementor-lightbox-title=\"image-320x479 (6)\" data-e-action-hash=\"#elementor-action%3Aaction%3Dlightbox%26settings%3DeyJpZCI6MzcwMiwidXJsIjoiaHR0cHM6XC9cL21pc2Vham91ci1lY2xhaXJhZ2VzLmZyXC93cC1jb250ZW50XC91cGxvYWRzXC8yMDIzXC8xMVwvaW1hZ2UtMzIweDQ3OS02LmpwZyIsInNsaWRlc2hvdyI6IjUzOThhNTgifQ%3D%3D\" href='https:\/\/miseajour-eclairages.fr\/wp-content\/uploads\/2023\/11\/image-320x479-6.jpg'><img loading=\"lazy\" decoding=\"async\" width=\"320\" height=\"479\" src=\"https:\/\/miseajour-eclairages.fr\/wp-content\/uploads\/2023\/11\/image-320x479-6.jpg\" class=\"attachment-medium_large size-medium_large\" alt=\"\" srcset=\"https:\/\/miseajour-eclairages.fr\/wp-content\/uploads\/2023\/11\/image-320x479-6.jpg 320w, https:\/\/miseajour-eclairages.fr\/wp-content\/uploads\/2023\/11\/image-320x479-6-200x300.jpg 200w\" sizes=\"(max-width: 320px) 100vw, 320px\" \/><\/a>\n\t\t\t<\/div><\/figure><figure class='gallery-item'>\n\t\t\t<div class='gallery-icon landscape'>\n\t\t\t\t<a data-elementor-open-lightbox=\"yes\" data-elementor-lightbox-slideshow=\"5398a58\" data-elementor-lightbox-title=\"image-479x320 (9)\" data-e-action-hash=\"#elementor-action%3Aaction%3Dlightbox%26settings%3DeyJpZCI6MzcwMywidXJsIjoiaHR0cHM6XC9cL21pc2Vham91ci1lY2xhaXJhZ2VzLmZyXC93cC1jb250ZW50XC91cGxvYWRzXC8yMDIzXC8xMVwvaW1hZ2UtNDc5eDMyMC05LmpwZyIsInNsaWRlc2hvdyI6IjUzOThhNTgifQ%3D%3D\" href='https:\/\/miseajour-eclairages.fr\/wp-content\/uploads\/2023\/11\/image-479x320-9.jpg'><img loading=\"lazy\" decoding=\"async\" width=\"479\" height=\"320\" src=\"https:\/\/miseajour-eclairages.fr\/wp-content\/uploads\/2023\/11\/image-479x320-9.jpg\" class=\"attachment-medium_large size-medium_large\" alt=\"\" srcset=\"https:\/\/miseajour-eclairages.fr\/wp-content\/uploads\/2023\/11\/image-479x320-9.jpg 479w, https:\/\/miseajour-eclairages.fr\/wp-content\/uploads\/2023\/11\/image-479x320-9-300x200.jpg 300w\" sizes=\"(max-width: 479px) 100vw, 479px\" \/><\/a>\n\t\t\t<\/div><\/figure><figure class='gallery-item'>\n\t\t\t<div class='gallery-icon landscape'>\n\t\t\t\t<a data-elementor-open-lightbox=\"yes\" data-elementor-lightbox-slideshow=\"5398a58\" data-elementor-lightbox-title=\"image-479x320 (8)\" data-e-action-hash=\"#elementor-action%3Aaction%3Dlightbox%26settings%3DeyJpZCI6MzcwNCwidXJsIjoiaHR0cHM6XC9cL21pc2Vham91ci1lY2xhaXJhZ2VzLmZyXC93cC1jb250ZW50XC91cGxvYWRzXC8yMDIzXC8xMVwvaW1hZ2UtNDc5eDMyMC04LmpwZyIsInNsaWRlc2hvdyI6IjUzOThhNTgifQ%3D%3D\" href='https:\/\/miseajour-eclairages.fr\/wp-content\/uploads\/2023\/11\/image-479x320-8.jpg'><img loading=\"lazy\" decoding=\"async\" width=\"479\" height=\"320\" src=\"https:\/\/miseajour-eclairages.fr\/wp-content\/uploads\/2023\/11\/image-479x320-8.jpg\" class=\"attachment-medium_large size-medium_large\" alt=\"\" srcset=\"https:\/\/miseajour-eclairages.fr\/wp-content\/uploads\/2023\/11\/image-479x320-8.jpg 479w, https:\/\/miseajour-eclairages.fr\/wp-content\/uploads\/2023\/11\/image-479x320-8-300x200.jpg 300w\" sizes=\"(max-width: 479px) 100vw, 479px\" \/><\/a>\n\t\t\t<\/div><\/figure><figure class='gallery-item'>\n\t\t\t<div class='gallery-icon landscape'>\n\t\t\t\t<a data-elementor-open-lightbox=\"yes\" data-elementor-lightbox-slideshow=\"5398a58\" data-elementor-lightbox-title=\"image (8)\" data-e-action-hash=\"#elementor-action%3Aaction%3Dlightbox%26settings%3DeyJpZCI6MzcwNSwidXJsIjoiaHR0cHM6XC9cL21pc2Vham91ci1lY2xhaXJhZ2VzLmZyXC93cC1jb250ZW50XC91cGxvYWRzXC8yMDIzXC8xMVwvaW1hZ2UtOC5qcGciLCJzbGlkZXNob3ciOiI1Mzk4YTU4In0%3D\" href='https:\/\/miseajour-eclairages.fr\/wp-content\/uploads\/2023\/11\/image-8.jpg'><img loading=\"lazy\" decoding=\"async\" width=\"768\" height=\"513\" src=\"https:\/\/miseajour-eclairages.fr\/wp-content\/uploads\/2023\/11\/image-8-768x513.jpg\" class=\"attachment-medium_large size-medium_large\" alt=\"\" srcset=\"https:\/\/miseajour-eclairages.fr\/wp-content\/uploads\/2023\/11\/image-8-768x513.jpg 768w, https:\/\/miseajour-eclairages.fr\/wp-content\/uploads\/2023\/11\/image-8-300x200.jpg 300w, https:\/\/miseajour-eclairages.fr\/wp-content\/uploads\/2023\/11\/image-8-1024x684.jpg 1024w, https:\/\/miseajour-eclairages.fr\/wp-content\/uploads\/2023\/11\/image-8-1536x1025.jpg 1536w, https:\/\/miseajour-eclairages.fr\/wp-content\/uploads\/2023\/11\/image-8.jpg 2000w\" sizes=\"(max-width: 768px) 100vw, 768px\" \/><\/a>\n\t\t\t<\/div><\/figure><figure class='gallery-item'>\n\t\t\t<div class='gallery-icon landscape'>\n\t\t\t\t<a data-elementor-open-lightbox=\"yes\" data-elementor-lightbox-slideshow=\"5398a58\" data-elementor-lightbox-title=\"image-480x320 (6)\" data-e-action-hash=\"#elementor-action%3Aaction%3Dlightbox%26settings%3DeyJpZCI6MzcwNiwidXJsIjoiaHR0cHM6XC9cL21pc2Vham91ci1lY2xhaXJhZ2VzLmZyXC93cC1jb250ZW50XC91cGxvYWRzXC8yMDIzXC8xMVwvaW1hZ2UtNDgweDMyMC02LmpwZyIsInNsaWRlc2hvdyI6IjUzOThhNTgifQ%3D%3D\" href='https:\/\/miseajour-eclairages.fr\/wp-content\/uploads\/2023\/11\/image-480x320-6.jpg'><img loading=\"lazy\" decoding=\"async\" width=\"480\" height=\"320\" src=\"https:\/\/miseajour-eclairages.fr\/wp-content\/uploads\/2023\/11\/image-480x320-6.jpg\" class=\"attachment-medium_large size-medium_large\" alt=\"\" srcset=\"https:\/\/miseajour-eclairages.fr\/wp-content\/uploads\/2023\/11\/image-480x320-6.jpg 480w, https:\/\/miseajour-eclairages.fr\/wp-content\/uploads\/2023\/11\/image-480x320-6-300x200.jpg 300w\" sizes=\"(max-width: 480px) 100vw, 480px\" \/><\/a>\n\t\t\t<\/div><\/figure><figure class='gallery-item'>\n\t\t\t<div class='gallery-icon portrait'>\n\t\t\t\t<a data-elementor-open-lightbox=\"yes\" data-elementor-lightbox-slideshow=\"5398a58\" data-elementor-lightbox-title=\"image-320x479 (5)\" data-e-action-hash=\"#elementor-action%3Aaction%3Dlightbox%26settings%3DeyJpZCI6MzcwNywidXJsIjoiaHR0cHM6XC9cL21pc2Vham91ci1lY2xhaXJhZ2VzLmZyXC93cC1jb250ZW50XC91cGxvYWRzXC8yMDIzXC8xMVwvaW1hZ2UtMzIweDQ3OS01LmpwZyIsInNsaWRlc2hvdyI6IjUzOThhNTgifQ%3D%3D\" href='https:\/\/miseajour-eclairages.fr\/wp-content\/uploads\/2023\/11\/image-320x479-5.jpg'><img loading=\"lazy\" decoding=\"async\" width=\"320\" height=\"479\" src=\"https:\/\/miseajour-eclairages.fr\/wp-content\/uploads\/2023\/11\/image-320x479-5.jpg\" class=\"attachment-medium_large size-medium_large\" alt=\"\" srcset=\"https:\/\/miseajour-eclairages.fr\/wp-content\/uploads\/2023\/11\/image-320x479-5.jpg 320w, https:\/\/miseajour-eclairages.fr\/wp-content\/uploads\/2023\/11\/image-320x479-5-200x300.jpg 200w\" sizes=\"(max-width: 320px) 100vw, 320px\" \/><\/a>\n\t\t\t<\/div><\/figure><figure class='gallery-item'>\n\t\t\t<div class='gallery-icon landscape'>\n\t\t\t\t<a data-elementor-open-lightbox=\"yes\" data-elementor-lightbox-slideshow=\"5398a58\" data-elementor-lightbox-title=\"image-479x320 (7)\" data-e-action-hash=\"#elementor-action%3Aaction%3Dlightbox%26settings%3DeyJpZCI6MzcwOCwidXJsIjoiaHR0cHM6XC9cL21pc2Vham91ci1lY2xhaXJhZ2VzLmZyXC93cC1jb250ZW50XC91cGxvYWRzXC8yMDIzXC8xMVwvaW1hZ2UtNDc5eDMyMC03LTEuanBnIiwic2xpZGVzaG93IjoiNTM5OGE1OCJ9\" href='https:\/\/miseajour-eclairages.fr\/wp-content\/uploads\/2023\/11\/image-479x320-7-1.jpg'><img loading=\"lazy\" decoding=\"async\" width=\"479\" height=\"320\" src=\"https:\/\/miseajour-eclairages.fr\/wp-content\/uploads\/2023\/11\/image-479x320-7-1.jpg\" class=\"attachment-medium_large size-medium_large\" alt=\"\" srcset=\"https:\/\/miseajour-eclairages.fr\/wp-content\/uploads\/2023\/11\/image-479x320-7-1.jpg 479w, https:\/\/miseajour-eclairages.fr\/wp-content\/uploads\/2023\/11\/image-479x320-7-1-300x200.jpg 300w\" sizes=\"(max-width: 479px) 100vw, 479px\" \/><\/a>\n\t\t\t<\/div><\/figure><figure class='gallery-item'>\n\t\t\t<div class='gallery-icon portrait'>\n\t\t\t\t<a data-elementor-open-lightbox=\"yes\" data-elementor-lightbox-slideshow=\"5398a58\" data-elementor-lightbox-title=\"image-320x479 (4)\" data-e-action-hash=\"#elementor-action%3Aaction%3Dlightbox%26settings%3DeyJpZCI6MzcwOSwidXJsIjoiaHR0cHM6XC9cL21pc2Vham91ci1lY2xhaXJhZ2VzLmZyXC93cC1jb250ZW50XC91cGxvYWRzXC8yMDIzXC8xMVwvaW1hZ2UtMzIweDQ3OS00LTEuanBnIiwic2xpZGVzaG93IjoiNTM5OGE1OCJ9\" href='https:\/\/miseajour-eclairages.fr\/wp-content\/uploads\/2023\/11\/image-320x479-4-1.jpg'><img loading=\"lazy\" decoding=\"async\" width=\"320\" height=\"479\" src=\"https:\/\/miseajour-eclairages.fr\/wp-content\/uploads\/2023\/11\/image-320x479-4-1.jpg\" class=\"attachment-medium_large size-medium_large\" alt=\"\" srcset=\"https:\/\/miseajour-eclairages.fr\/wp-content\/uploads\/2023\/11\/image-320x479-4-1.jpg 320w, https:\/\/miseajour-eclairages.fr\/wp-content\/uploads\/2023\/11\/image-320x479-4-1-200x300.jpg 200w\" sizes=\"(max-width: 320px) 100vw, 320px\" \/><\/a>\n\t\t\t<\/div><\/figure>\n\t\t<\/div>\n\t\t<\/div>\n\t\t\t\t\t\t<\/div>\n\t\t\t\t<\/div>\n\t\t\t\t\t<\/div>\n\t\t\t\t<\/div>\n\t\t<div class=\"elementor-element elementor-element-b5f92df e-flex e-con-boxed e-con e-parent\" data-id=\"b5f92df\" data-element_type=\"container\" data-e-type=\"container\">\n\t\t\t\t\t<div class=\"e-con-inner\">\n\t\t\t\t\t<\/div>\n\t\t\t\t<\/div>\n\t\t\t\t<\/div>\n\t\t","protected":false},"excerpt":{"rendered":"<p>Nos Projets Sur cette page d\u00e9di\u00e9e aux projets de notre entreprise, vous trouverez un aper\u00e7u complet de nos initiatives, r\u00e9alisations et travaux en cours. Explorez nos projets pour en apprendre davantage sur nos activit\u00e9s, nos r\u00e9ussites et notre engagement envers l&rsquo;innovation et la croissance. D\u00e9couvrez comment nous faisons avancer notre entreprise gr\u00e2ce \u00e0 des descriptions&#8230;<\/p>\n","protected":false},"author":1,"featured_media":0,"parent":0,"menu_order":0,"comment_status":"closed","ping_status":"closed","template":"","meta":{"_kadence_starter_templates_imported_post":false,"_kad_post_transparent":"","_kad_post_title":"hide","_kad_post_layout":"fullwidth","_kad_post_sidebar_id":"","_kad_post_content_style":"unboxed","_kad_post_vertical_padding":"hide","_kad_post_feature":"hide","_kad_post_feature_position":"","_kad_post_header":false,"_kad_post_footer":false,"_kad_post_classname":"","footnotes":""},"class_list":["post-3684","page","type-page","status-publish","hentry"],"_links":{"self":[{"href":"https:\/\/miseajour-eclairages.fr\/index.php\/wp-json\/wp\/v2\/pages\/3684","targetHints":{"allow":["GET"]}}],"collection":[{"href":"https:\/\/miseajour-eclairages.fr\/index.php\/wp-json\/wp\/v2\/pages"}],"about":[{"href":"https:\/\/miseajour-eclairages.fr\/index.php\/wp-json\/wp\/v2\/types\/page"}],"author":[{"embeddable":true,"href":"https:\/\/miseajour-eclairages.fr\/index.php\/wp-json\/wp\/v2\/users\/1"}],"replies":[{"embeddable":true,"href":"https:\/\/miseajour-eclairages.fr\/index.php\/wp-json\/wp\/v2\/comments?post=3684"}],"version-history":[{"count":13,"href":"https:\/\/miseajour-eclairages.fr\/index.php\/wp-json\/wp\/v2\/pages\/3684\/revisions"}],"predecessor-version":[{"id":3769,"href":"https:\/\/miseajour-eclairages.fr\/index.php\/wp-json\/wp\/v2\/pages\/3684\/revisions\/3769"}],"wp:attachment":[{"href":"https:\/\/miseajour-eclairages.fr\/index.php\/wp-json\/wp\/v2\/media?parent=3684"}],"curies":[{"name":"wp","href":"https:\/\/api.w.org\/{rel}","templated":true}]}}