{"id":3713,"date":"2023-11-30T00:36:43","date_gmt":"2023-11-29T23:36:43","guid":{"rendered":"http:\/\/localhost\/wordpress\/?page_id=3713"},"modified":"2025-09-27T09:44:28","modified_gmt":"2025-09-27T07:44:28","slug":"jouffroy","status":"publish","type":"page","link":"https:\/\/miseajour-eclairages.fr\/index.php\/jouffroy\/","title":{"rendered":"Jouffroy"},"content":{"rendered":"\t\t<div data-elementor-type=\"wp-page\" data-elementor-id=\"3713\" class=\"elementor elementor-3713\" data-elementor-post-type=\"page\">\n\t\t\t\t\t\t<section class=\"elementor-section elementor-top-section elementor-element elementor-element-f286a89 elementor-section-height-min-height elementor-section-items-bottom elementor-section-boxed elementor-section-height-default\" data-id=\"f286a89\" data-element_type=\"section\" data-e-type=\"section\" data-settings=\"{&quot;background_background&quot;:&quot;classic&quot;}\">\n\t\t\t\t\t\t\t<div class=\"elementor-background-overlay\"><\/div>\n\t\t\t\t\t\t\t<div class=\"elementor-container elementor-column-gap-default\">\n\t\t\t\t\t<div class=\"elementor-column elementor-col-100 elementor-top-column elementor-element elementor-element-80488c6\" data-id=\"80488c6\" data-element_type=\"column\" data-e-type=\"column\">\n\t\t\t<div class=\"elementor-widget-wrap elementor-element-populated\">\n\t\t\t\t\t\t<div class=\"elementor-element elementor-element-2fba6eb elementor-invisible elementor-widget elementor-widget-heading\" data-id=\"2fba6eb\" data-element_type=\"widget\" data-e-type=\"widget\" data-settings=\"{&quot;_animation&quot;:&quot;fadeIn&quot;}\" data-widget_type=\"heading.default\">\n\t\t\t\t<div class=\"elementor-widget-container\">\n\t\t\t\t\t<h1 class=\"elementor-heading-title elementor-size-default\">Nos Projets<\/h1>\t\t\t\t<\/div>\n\t\t\t\t<\/div>\n\t\t\t\t<div class=\"elementor-element elementor-element-b1fa763 elementor-invisible elementor-widget elementor-widget-text-editor\" data-id=\"b1fa763\" data-element_type=\"widget\" data-e-type=\"widget\" data-settings=\"{&quot;_animation&quot;:&quot;fadeIn&quot;}\" data-widget_type=\"text-editor.default\">\n\t\t\t\t<div class=\"elementor-widget-container\">\n\t\t\t\t\t\t\t\t\t<p>Sur cette page d\u00e9di\u00e9e aux projets de notre entreprise, vous trouverez un aper\u00e7u complet de nos initiatives, r\u00e9alisations et travaux en cours. Explorez nos projets pour en apprendre davantage sur nos activit\u00e9s, nos r\u00e9ussites et notre engagement envers l&rsquo;innovation et la croissance. D\u00e9couvrez comment nous faisons avancer notre entreprise gr\u00e2ce \u00e0 des descriptions d\u00e9taill\u00e9es, des images, et des informations pertinentes sur chaque projet.<\/p>\t\t\t\t\t\t\t\t<\/div>\n\t\t\t\t<\/div>\n\t\t\t\t<div class=\"elementor-element elementor-element-65c24bf elementor-hidden-phone elementor-widget elementor-widget-spacer\" data-id=\"65c24bf\" data-element_type=\"widget\" data-e-type=\"widget\" data-widget_type=\"spacer.default\">\n\t\t\t\t<div class=\"elementor-widget-container\">\n\t\t\t\t\t\t\t<div class=\"elementor-spacer\">\n\t\t\t<div class=\"elementor-spacer-inner\"><\/div>\n\t\t<\/div>\n\t\t\t\t\t\t<\/div>\n\t\t\t\t<\/div>\n\t\t\t\t\t<\/div>\n\t\t<\/div>\n\t\t\t\t\t<\/div>\n\t\t<\/section>\n\t\t<div class=\"elementor-element elementor-element-0ac920e e-flex e-con-boxed e-con e-parent\" data-id=\"0ac920e\" data-element_type=\"container\" data-e-type=\"container\">\n\t\t\t\t\t<div class=\"e-con-inner\">\n\t\t\t\t<div class=\"elementor-element elementor-element-281ed15 elementor-widget__width-initial elementor-widget elementor-widget-heading\" data-id=\"281ed15\" data-element_type=\"widget\" data-e-type=\"widget\" data-widget_type=\"heading.default\">\n\t\t\t\t<div class=\"elementor-widget-container\">\n\t\t\t\t\t<h1 class=\"elementor-heading-title elementor-size-default\">JOUFFROY<\/h1>\t\t\t\t<\/div>\n\t\t\t\t<\/div>\n\t\t\t\t\t<\/div>\n\t\t\t\t<\/div>\n\t\t<div class=\"elementor-element elementor-element-1c1e29a e-flex e-con-boxed e-con e-parent\" data-id=\"1c1e29a\" data-element_type=\"container\" data-e-type=\"container\">\n\t\t\t\t\t<div class=\"e-con-inner\">\n\t\t\t\t<div class=\"elementor-element elementor-element-e665818 elementor-widget elementor-widget-heading\" data-id=\"e665818\" data-element_type=\"widget\" data-e-type=\"widget\" data-widget_type=\"heading.default\">\n\t\t\t\t<div class=\"elementor-widget-container\">\n\t\t\t\t\t<h6 class=\"elementor-heading-title elementor-size-default\">\u00a9\ufe0fCr\u00e9dit Photos -  Architectures<\/h6>\t\t\t\t<\/div>\n\t\t\t\t<\/div>\n\t\t\t\t\t<\/div>\n\t\t\t\t<\/div>\n\t\t<div class=\"elementor-element elementor-element-74c2502 e-flex e-con-boxed e-con e-parent\" data-id=\"74c2502\" data-element_type=\"container\" data-e-type=\"container\">\n\t\t\t\t\t<div class=\"e-con-inner\">\n\t\t\t\t\t<\/div>\n\t\t\t\t<\/div>\n\t\t<div class=\"elementor-element elementor-element-f3e6a21 e-grid e-con-boxed e-con e-parent\" data-id=\"f3e6a21\" data-element_type=\"container\" data-e-type=\"container\">\n\t\t\t\t\t<div class=\"e-con-inner\">\n\t\t\t\t<div class=\"elementor-element elementor-element-a28f7cb elementor-widget elementor-widget-image\" data-id=\"a28f7cb\" data-element_type=\"widget\" data-e-type=\"widget\" data-widget_type=\"image.default\">\n\t\t\t\t<div class=\"elementor-widget-container\">\n\t\t\t\t\t\t\t\t\t\t\t\t\t\t\t<img fetchpriority=\"high\" decoding=\"async\" width=\"479\" height=\"320\" src=\"https:\/\/miseajour-eclairages.fr\/wp-content\/uploads\/2023\/11\/image-479x320-25.jpg\" class=\"attachment-large size-large wp-image-3718\" alt=\"\" srcset=\"https:\/\/miseajour-eclairages.fr\/wp-content\/uploads\/2023\/11\/image-479x320-25.jpg 479w, https:\/\/miseajour-eclairages.fr\/wp-content\/uploads\/2023\/11\/image-479x320-25-300x200.jpg 300w\" sizes=\"(max-width: 479px) 100vw, 479px\" \/>\t\t\t\t\t\t\t\t\t\t\t\t\t\t\t<\/div>\n\t\t\t\t<\/div>\n\t\t\t\t<div class=\"elementor-element elementor-element-6fa0021 elementor-widget elementor-widget-image\" data-id=\"6fa0021\" data-element_type=\"widget\" data-e-type=\"widget\" data-widget_type=\"image.default\">\n\t\t\t\t<div class=\"elementor-widget-container\">\n\t\t\t\t\t\t\t\t\t\t\t\t\t\t\t<img decoding=\"async\" width=\"479\" height=\"320\" src=\"https:\/\/miseajour-eclairages.fr\/wp-content\/uploads\/2023\/11\/image-479x320-26.jpg\" class=\"attachment-large size-large wp-image-3717\" alt=\"\" srcset=\"https:\/\/miseajour-eclairages.fr\/wp-content\/uploads\/2023\/11\/image-479x320-26.jpg 479w, https:\/\/miseajour-eclairages.fr\/wp-content\/uploads\/2023\/11\/image-479x320-26-300x200.jpg 300w\" sizes=\"(max-width: 479px) 100vw, 479px\" \/>\t\t\t\t\t\t\t\t\t\t\t\t\t\t\t<\/div>\n\t\t\t\t<\/div>\n\t\t\t\t<div class=\"elementor-element elementor-element-e06e598 elementor-widget elementor-widget-image\" data-id=\"e06e598\" data-element_type=\"widget\" data-e-type=\"widget\" data-widget_type=\"image.default\">\n\t\t\t\t<div class=\"elementor-widget-container\">\n\t\t\t\t\t\t\t\t\t\t\t\t\t\t\t<img decoding=\"async\" width=\"320\" height=\"479\" src=\"https:\/\/miseajour-eclairages.fr\/wp-content\/uploads\/2023\/11\/image-320x479-9.jpg\" class=\"attachment-large size-large wp-image-3720\" alt=\"\" srcset=\"https:\/\/miseajour-eclairages.fr\/wp-content\/uploads\/2023\/11\/image-320x479-9.jpg 320w, https:\/\/miseajour-eclairages.fr\/wp-content\/uploads\/2023\/11\/image-320x479-9-200x300.jpg 200w\" sizes=\"(max-width: 320px) 100vw, 320px\" \/>\t\t\t\t\t\t\t\t\t\t\t\t\t\t\t<\/div>\n\t\t\t\t<\/div>\n\t\t\t\t<div class=\"elementor-element elementor-element-d47c823 elementor-widget elementor-widget-image\" data-id=\"d47c823\" data-element_type=\"widget\" data-e-type=\"widget\" data-widget_type=\"image.default\">\n\t\t\t\t<div class=\"elementor-widget-container\">\n\t\t\t\t\t\t\t\t\t\t\t\t\t\t\t<img loading=\"lazy\" decoding=\"async\" width=\"479\" height=\"320\" src=\"https:\/\/miseajour-eclairages.fr\/wp-content\/uploads\/2023\/11\/image-479x320-21.jpg\" class=\"attachment-large size-large wp-image-3723\" alt=\"\" srcset=\"https:\/\/miseajour-eclairages.fr\/wp-content\/uploads\/2023\/11\/image-479x320-21.jpg 479w, https:\/\/miseajour-eclairages.fr\/wp-content\/uploads\/2023\/11\/image-479x320-21-300x200.jpg 300w\" sizes=\"(max-width: 479px) 100vw, 479px\" \/>\t\t\t\t\t\t\t\t\t\t\t\t\t\t\t<\/div>\n\t\t\t\t<\/div>\n\t\t\t\t\t<\/div>\n\t\t\t\t<\/div>\n\t\t\t\t<\/div>\n\t\t","protected":false},"excerpt":{"rendered":"<p>Nos Projets Sur cette page d\u00e9di\u00e9e aux projets de notre entreprise, vous trouverez un aper\u00e7u complet de nos initiatives, r\u00e9alisations et travaux en cours. Explorez nos projets pour en apprendre davantage sur nos activit\u00e9s, nos r\u00e9ussites et notre engagement envers l&rsquo;innovation et la croissance. D\u00e9couvrez comment nous faisons avancer notre entreprise gr\u00e2ce \u00e0 des descriptions&#8230;<\/p>\n","protected":false},"author":1,"featured_media":0,"parent":0,"menu_order":0,"comment_status":"closed","ping_status":"closed","template":"","meta":{"_kadence_starter_templates_imported_post":false,"_kad_post_transparent":"","_kad_post_title":"hide","_kad_post_layout":"fullwidth","_kad_post_sidebar_id":"","_kad_post_content_style":"unboxed","_kad_post_vertical_padding":"hide","_kad_post_feature":"hide","_kad_post_feature_position":"","_kad_post_header":false,"_kad_post_footer":false,"_kad_post_classname":"","footnotes":""},"class_list":["post-3713","page","type-page","status-publish","hentry"],"_links":{"self":[{"href":"https:\/\/miseajour-eclairages.fr\/index.php\/wp-json\/wp\/v2\/pages\/3713","targetHints":{"allow":["GET"]}}],"collection":[{"href":"https:\/\/miseajour-eclairages.fr\/index.php\/wp-json\/wp\/v2\/pages"}],"about":[{"href":"https:\/\/miseajour-eclairages.fr\/index.php\/wp-json\/wp\/v2\/types\/page"}],"author":[{"embeddable":true,"href":"https:\/\/miseajour-eclairages.fr\/index.php\/wp-json\/wp\/v2\/users\/1"}],"replies":[{"embeddable":true,"href":"https:\/\/miseajour-eclairages.fr\/index.php\/wp-json\/wp\/v2\/comments?post=3713"}],"version-history":[{"count":67,"href":"https:\/\/miseajour-eclairages.fr\/index.php\/wp-json\/wp\/v2\/pages\/3713\/revisions"}],"predecessor-version":[{"id":4458,"href":"https:\/\/miseajour-eclairages.fr\/index.php\/wp-json\/wp\/v2\/pages\/3713\/revisions\/4458"}],"wp:attachment":[{"href":"https:\/\/miseajour-eclairages.fr\/index.php\/wp-json\/wp\/v2\/media?parent=3713"}],"curies":[{"name":"wp","href":"https:\/\/api.w.org\/{rel}","templated":true}]}}